{"id":1254,"date":"2018-07-09T13:09:33","date_gmt":"2018-07-09T13:09:33","guid":{"rendered":"http:\/\/demo-content.kaliumtheme.com\/law\/?page_id=6"},"modified":"2026-03-20T12:31:10","modified_gmt":"2026-03-20T12:31:10","slug":"onama","status":"publish","type":"page","link":"https:\/\/www.geromella.com.hr\/hr\/onama\/","title":{"rendered":"O nama"},"content":{"rendered":"<div class=\"wpb-content-wrapper\"><p>[vc_row css=&#8221;.vc_custom_1539268551775{padding-top: 35px !important;}&#8221;][vc_column][vc_column_text css=&#8221;&#8221;]<\/p>\n<h3><img decoding=\"async\" class=\"aligncenter wp-image-1421 size-full lazyload\" style=\"--smush-placeholder-width: 3000px; --smush-placeholder-aspect-ratio: 3000\/1500;font-size: 16px;\" data-src=\"https:\/\/www.geromella.com.hr\/wp-content\/uploads\/2019\/03\/aboutus-2.jpg\" alt=\"\" width=\"3000\" height=\"1500\" data-srcset=\"https:\/\/www.geromella.com.hr\/wp-content\/uploads\/2019\/03\/aboutus-2.jpg 3000w, https:\/\/www.geromella.com.hr\/wp-content\/uploads\/2019\/03\/aboutus-2-300x150.jpg 300w, https:\/\/www.geromella.com.hr\/wp-content\/uploads\/2019\/03\/aboutus-2-768x384.jpg 768w, https:\/\/www.geromella.com.hr\/wp-content\/uploads\/2019\/03\/aboutus-2-1024x512.jpg 1024w, https:\/\/www.geromella.com.hr\/wp-content\/uploads\/2019\/03\/aboutus-2-1612x806.jpg 1612w, https:\/\/www.geromella.com.hr\/wp-content\/uploads\/2019\/03\/aboutus-2-1116x558.jpg 1116w, https:\/\/www.geromella.com.hr\/wp-content\/uploads\/2019\/03\/aboutus-2-806x403.jpg 806w, https:\/\/www.geromella.com.hr\/wp-content\/uploads\/2019\/03\/aboutus-2-558x279.jpg 558w, https:\/\/www.geromella.com.hr\/wp-content\/uploads\/2019\/03\/aboutus-2-655x328.jpg 655w\" data-sizes=\"(max-width: 3000px) 100vw, 3000px\" src=\"data:image\/svg+xml;base64,PHN2ZyB3aWR0aD0iMSIgaGVpZ2h0PSIxIiB4bWxucz0iaHR0cDovL3d3dy53My5vcmcvMjAwMC9zdmciPjwvc3ZnPg==\" \/><\/h3>\n<p>[\/vc_column_text][vc_empty_space height=&#8221;10px&#8221;][vc_column_text css=&#8221;&#8221;]<\/p>\n<h1 style=\"text-align: center;\"><span style=\"color: red;\">Geromella Windsurf Centar<\/span><\/h1>\n<h3 style=\"text-align: center;\">Izgra\u0111en vjetrom. Oblikovan iskustvom. Zapam\u0107en po ljudima.<\/h3>\n<p>&nbsp;<\/p>\n<p style=\"font-size: 20px; text-align: left;\">Geromella Surf Center nije nastao kao koncept. Razvijao se postupno \u2013 na isti na\u010din na koji se u\u010di jedrenje na dasci.<\/p>\n<p style=\"font-size: 20px; text-align: left;\">Danas je na\u0161a \u0161kola i dalje utemeljena na istoj ideji: ljudi ovdje ne dolaze kako bi ih se po\u017eurivalo. Dolaze kako bi se osje\u0107ali dovoljno sigurno da poku\u0161aju.<\/p>\n<h2 style=\"text-align: center;\">Ljudi koji stoje iza <span style=\"color: red;\">Geromelle<\/span><\/h2>\n<p>&nbsp;<\/p>\n<p style=\"font-size: 20px; text-align: left;\"><img decoding=\"async\" class=\"aligncenter wp-image-2795 size-full lazyload\" data-src=\"https:\/\/www.geromella.com.hr\/wp-content\/uploads\/2026\/02\/geromella-windusrfing-school-pula-istria.jpg\" alt=\"\" width=\"1500\" height=\"750\" data-srcset=\"https:\/\/www.geromella.com.hr\/wp-content\/uploads\/2026\/02\/geromella-windusrfing-school-pula-istria.jpg 1500w, https:\/\/www.geromella.com.hr\/wp-content\/uploads\/2026\/02\/geromella-windusrfing-school-pula-istria-300x150.jpg 300w, https:\/\/www.geromella.com.hr\/wp-content\/uploads\/2026\/02\/geromella-windusrfing-school-pula-istria-1024x512.jpg 1024w, https:\/\/www.geromella.com.hr\/wp-content\/uploads\/2026\/02\/geromella-windusrfing-school-pula-istria-768x384.jpg 768w, https:\/\/www.geromella.com.hr\/wp-content\/uploads\/2026\/02\/geromella-windusrfing-school-pula-istria-1116x558.jpg 1116w, https:\/\/www.geromella.com.hr\/wp-content\/uploads\/2026\/02\/geromella-windusrfing-school-pula-istria-806x403.jpg 806w, https:\/\/www.geromella.com.hr\/wp-content\/uploads\/2026\/02\/geromella-windusrfing-school-pula-istria-558x279.jpg 558w, https:\/\/www.geromella.com.hr\/wp-content\/uploads\/2026\/02\/geromella-windusrfing-school-pula-istria-655x328.jpg 655w\" data-sizes=\"(max-width: 1500px) 100vw, 1500px\" src=\"data:image\/svg+xml;base64,PHN2ZyB3aWR0aD0iMSIgaGVpZ2h0PSIxIiB4bWxucz0iaHR0cDovL3d3dy53My5vcmcvMjAwMC9zdmciPjwvc3ZnPg==\" style=\"--smush-placeholder-width: 1500px; --smush-placeholder-aspect-ratio: 1500\/750;\" \/><\/p>\n<p>&nbsp;<\/p>\n<p style=\"font-size: 20px; text-align: left;\"><strong>Dalen<\/strong> je srce centra. S obrazovanjem iz kineziologije i desetlje\u0107ima iskustva na vodi, pro\u0161ao je sve faze u\u010denja jedrenja na dasci \u2013 od prvih nesigurnih koraka do samostalne i sigurne vo\u017enje.<\/p>\n<p style=\"font-size: 20px; text-align: left;\">Kao biv\u0161i vrhunski natjecatelj i osvaja\u010d Hrvatskog kupa i Adria kupa, danas svoje iskustvo primjenjuje smireno i promi\u0161ljeno, znaju\u0107i kada intervenirati, kada se povu\u0107i te kako voditi napredak na stabilan i odr\u017eiv na\u010din.<\/p>\n<p style=\"font-size: 20px; text-align: left;\">Uz rad u centru, zaposlen je kao u\u010ditelj tjelesne i zdravstvene kulture u osnovnoj \u0161koli te vanjski suradnik na Kineziolo\u0161kom fakultetu Sveu\u010dili\u0161ta u Zagrebu, gdje predaje jedrenje na dasci.<\/p>\n<p style=\"font-size: 20px; text-align: left;\"><strong>Ivana<\/strong> je organizacijska struktura koja omogu\u0107uje da sve funkcionira uskla\u0111eno. Ona poma\u017ee gostima odabrati odgovaraju\u0107i te\u010daj, termin i ritam boravka.<\/p>\n<p style=\"font-size: 20px; text-align: left;\">U pozadini osigurava da su lekcije pa\u017eljivo organizirane, upiti jasno odgovoreni te da svaki boravak protekne glatko \u2013 od prve poruke do posljednjeg dana na vodi.<\/p>\n<p>&nbsp;<\/p>\n<h2 style=\"text-align: center;\">Dvadeset godina na vodi donosi iskustvo<\/h2>\n<p>&nbsp;<\/p>\n<p style=\"font-size: 20px; text-align: left;\">Nastava se prilago\u0111ava polaznicima \u2013 a ne obrnuto. Nekima je potrebna podr\u0161ka. Nekima prostor. A nekima samo tiha prisutnost i pa\u017eljivo pra\u0107enje.<\/p>\n<p style=\"font-size: 20px; text-align: left;\">S vremenom takav pristup govori sam za sebe. Gosti se vra\u0107aju. Obitelji dolaze ponovno. A mnogi koji su rekli \u201esamo \u0107u probati\u201d ostanu dulje nego \u0161to su planirali.<\/p>\n<h2 style=\"text-align: center;\">Dvije lokacije, jedinstven pristup<\/h2>\n<p>&nbsp;<\/p>\n<p style=\"font-size: 20px; text-align: left;\">Geromella djeluje na dvije lokacije u Istri \u2013 svaka s vlastitim karakterom, ali vo\u0111ena istim na\u010delima.<\/p>\n<p style=\"font-size: 20px; text-align: left;\">Obje postoje s istim ciljem: uskladiti prave uvjete s pravim osobama kako bi proces u\u010denja uvijek bio primjeren i siguran.<\/p>\n<p>&nbsp;<\/p>\n<p style=\"font-size: 20px; text-align: center;\">Zajedno stvaraju iskustvo koje nadilazi samu poduku.<br \/>\nNa vodi, iskustvo usmjerava svaku odluku.<br \/>\nNa kopnu, briga i pa\u017enja oblikuju atmosferu.<\/p>\n<p>&nbsp;<\/p>\n<h2 style=\"text-align: center;\">Dio svakog istarskog odmora<\/h2>\n<p>&nbsp;<\/p>\n<p style=\"font-size: 20px; text-align: center;\">Istra je jednostavna za istra\u017eivanje, a dani se prirodno prote\u017eu izvan jedne lokacije.<br \/>\nBez obzira boravite li uz obalu ili u unutra\u0161njosti, posjet Pomeru ili Li\u017enjanu lako se uklapa u ritam odmora.<\/p>\n<p>&nbsp;<\/p>\n<h2 style=\"text-align: center;\">Pitate se je li ovo za vas?<\/h2>\n<p>&nbsp;<\/p>\n<p style=\"font-size: 20px; text-align: center;\">Bilo da ste po\u010detnik, vra\u0107ate se nakon pauze ili jednostavno \u017eelite poku\u0161ati na svoj na\u010din \u2013 ovo je mjesto gdje se sve \u010dini dostupnim i prirodnim.<br \/>\nGosti dolaze kao posjetitelji, a odlaze s jasnijim osje\u0107ajem sigurnosti i samopouzdanja na vodi.<\/p>\n<p>&nbsp;<\/p>\n<p style=\"font-size: 20px; text-align: center;\">Otvoreni smo od 15\/05 do 30\/09, od 10:00 do 18:00 sati.<\/p>\n<p style=\"font-size: 20px; text-align: center;\"><em>Do\u017eivite uzbu\u0111enje jedrenja na dasci\u2026<\/em><\/p>\n<p style=\"font-size: 20px; text-align: center;\"><em>Vi jedrite na vjetru \u2013 mi brinemo o svemu ostalom.<\/em><\/p>\n<p>[\/vc_column_text][\/vc_column][\/vc_row][vc_row][vc_column][vc_cta h2=&#8221;&#8221; txt_align=&#8221;center&#8221; el_width=&#8221;xs&#8221; add_button=&#8221;top&#8221; btn_title=&#8221;Kontakt&#8221; btn_color=&#8221;inverse&#8221; btn_align=&#8221;center&#8221; css=&#8221;&#8221; btn_button_block=&#8221;true&#8221; btn_link=&#8221;url:https%3A%2F%2Fwww.geromella.com.hr%2Fcontact%2F|title:Contact&#8221;][\/vc_cta][\/vc_column][\/vc_row]<\/p>\n<\/div>","protected":false},"excerpt":{"rendered":"<p>[vc_row css=&#8221;.vc_custom_1539268551775{padding-top: 35px !important;}&#8221;][vc_column][vc_column_text css=&#8221;&#8221;] [\/vc_column_text][vc_empty_space height=&#8221;10px&#8221;][vc_column_text css=&#8221;&#8221;] Geromella Windsurf Centar Izgra\u0111en vjetrom. Oblikovan iskustvom. Zapam\u0107en po ljudima. &nbsp; Geromella Surf Center nije nastao kao koncept. Razvijao se postupno \u2013 na isti na\u010din na koji se u\u010di jedrenje na dasci. Danas je na\u0161a \u0161kola i dalje utemeljena na istoj ideji: ljudi ovdje ne dolaze kako&hellip;<\/p>\n","protected":false},"author":1,"featured_media":0,"parent":0,"menu_order":0,"comment_status":"closed","ping_status":"closed","template":"","meta":{"_acf_changed":false,"footnotes":""},"class_list":["post-1254","page","type-page","status-publish","hentry"],"acf":[],"yoast_head":"<!-- This site is optimized with the Yoast SEO plugin v27.4 - https:\/\/yoast.com\/product\/yoast-seo-wordpress\/ -->\n<title>O nama - Geromella Windsurfing School &amp; Center - Geromella.com.hr<\/title>\n<meta name=\"description\" content=\"Geromella Windsurfing Center \u2013 upoznajte na\u0161 tim, strast prema vodenim sportovima i mjesto gdje u\u010denje postaje zabava u Pomeru i Li\u017enjanu.\" \/>\n<meta name=\"robots\" content=\"index, follow, max-snippet:-1, max-image-preview:large, max-video-preview:-1\" \/>\n<link rel=\"canonical\" href=\"https:\/\/www.geromella.com.hr\/hr\/onama\/\" \/>\n<meta property=\"og:locale\" content=\"hr_HR\" \/>\n<meta property=\"og:type\" content=\"article\" \/>\n<meta property=\"og:title\" content=\"O nama - Geromella Windsurfing School &amp; Center - Geromella.com.hr\" \/>\n<meta property=\"og:description\" content=\"Geromella Windsurfing Center \u2013 upoznajte na\u0161 tim, strast prema vodenim sportovima i mjesto gdje u\u010denje postaje zabava u Pomeru i Li\u017enjanu.\" \/>\n<meta property=\"og:url\" content=\"https:\/\/www.geromella.com.hr\/hr\/onama\/\" \/>\n<meta property=\"og:site_name\" content=\"Geromella Windsurfing School &amp; Center - Geromella.com.hr\" \/>\n<meta property=\"article:modified_time\" content=\"2026-03-20T12:31:10+00:00\" \/>\n<meta property=\"og:image\" content=\"https:\/\/www.geromella.com.hr\/wp-content\/uploads\/2019\/03\/aboutus-2.jpg\" \/>\n\t<meta property=\"og:image:width\" content=\"3000\" \/>\n\t<meta property=\"og:image:height\" content=\"1500\" \/>\n\t<meta property=\"og:image:type\" content=\"image\/jpeg\" \/>\n<meta name=\"twitter:card\" content=\"summary_large_image\" \/>\n<meta name=\"twitter:label1\" content=\"Procijenjeno vrijeme \u010ditanja\" \/>\n\t<meta name=\"twitter:data1\" content=\"3 minute\" \/>\n<script type=\"application\/ld+json\" class=\"yoast-schema-graph\">{\"@context\":\"https:\\\/\\\/schema.org\",\"@graph\":[{\"@type\":\"WebPage\",\"@id\":\"https:\\\/\\\/www.geromella.com.hr\\\/hr\\\/onama\\\/\",\"url\":\"https:\\\/\\\/www.geromella.com.hr\\\/hr\\\/onama\\\/\",\"name\":\"O nama - Geromella Windsurfing School &amp; Center - Geromella.com.hr\",\"isPartOf\":{\"@id\":\"https:\\\/\\\/www.geromella.com.hr\\\/#website\"},\"primaryImageOfPage\":{\"@id\":\"https:\\\/\\\/www.geromella.com.hr\\\/hr\\\/onama\\\/#primaryimage\"},\"image\":{\"@id\":\"https:\\\/\\\/www.geromella.com.hr\\\/hr\\\/onama\\\/#primaryimage\"},\"thumbnailUrl\":\"https:\\\/\\\/www.geromella.com.hr\\\/wp-content\\\/uploads\\\/2019\\\/03\\\/aboutus-2.jpg\",\"datePublished\":\"2018-07-09T13:09:33+00:00\",\"dateModified\":\"2026-03-20T12:31:10+00:00\",\"description\":\"Geromella Windsurfing Center \u2013 upoznajte na\u0161 tim, strast prema vodenim sportovima i mjesto gdje u\u010denje postaje zabava u Pomeru i Li\u017enjanu.\",\"breadcrumb\":{\"@id\":\"https:\\\/\\\/www.geromella.com.hr\\\/hr\\\/onama\\\/#breadcrumb\"},\"inLanguage\":\"hr\",\"potentialAction\":[{\"@type\":\"ReadAction\",\"target\":[\"https:\\\/\\\/www.geromella.com.hr\\\/hr\\\/onama\\\/\"]}]},{\"@type\":\"ImageObject\",\"inLanguage\":\"hr\",\"@id\":\"https:\\\/\\\/www.geromella.com.hr\\\/hr\\\/onama\\\/#primaryimage\",\"url\":\"https:\\\/\\\/www.geromella.com.hr\\\/wp-content\\\/uploads\\\/2019\\\/03\\\/aboutus-2.jpg\",\"contentUrl\":\"https:\\\/\\\/www.geromella.com.hr\\\/wp-content\\\/uploads\\\/2019\\\/03\\\/aboutus-2.jpg\"},{\"@type\":\"BreadcrumbList\",\"@id\":\"https:\\\/\\\/www.geromella.com.hr\\\/hr\\\/onama\\\/#breadcrumb\",\"itemListElement\":[{\"@type\":\"ListItem\",\"position\":1,\"name\":\"Home\",\"item\":\"https:\\\/\\\/www.geromella.com.hr\\\/hr\\\/\"},{\"@type\":\"ListItem\",\"position\":2,\"name\":\"O nama\"}]},{\"@type\":\"WebSite\",\"@id\":\"https:\\\/\\\/www.geromella.com.hr\\\/#website\",\"url\":\"https:\\\/\\\/www.geromella.com.hr\\\/\",\"name\":\"Geromella Windsurfing School &amp; Center - Geromella.com.hr\",\"description\":\"\",\"publisher\":{\"@id\":\"https:\\\/\\\/www.geromella.com.hr\\\/#organization\"},\"potentialAction\":[{\"@type\":\"SearchAction\",\"target\":{\"@type\":\"EntryPoint\",\"urlTemplate\":\"https:\\\/\\\/www.geromella.com.hr\\\/?s={search_term_string}\"},\"query-input\":{\"@type\":\"PropertyValueSpecification\",\"valueRequired\":true,\"valueName\":\"search_term_string\"}}],\"inLanguage\":\"hr\"},{\"@type\":\"Organization\",\"@id\":\"https:\\\/\\\/www.geromella.com.hr\\\/#organization\",\"name\":\"Geromella Windsurfing School &amp; Center - Geromella.com.hr\",\"url\":\"https:\\\/\\\/www.geromella.com.hr\\\/\",\"logo\":{\"@type\":\"ImageObject\",\"inLanguage\":\"hr\",\"@id\":\"https:\\\/\\\/www.geromella.com.hr\\\/#\\\/schema\\\/logo\\\/image\\\/\",\"url\":\"https:\\\/\\\/www.geromella.com.hr\\\/wp-content\\\/uploads\\\/2022\\\/05\\\/PNG-favicon.png\",\"contentUrl\":\"https:\\\/\\\/www.geromella.com.hr\\\/wp-content\\\/uploads\\\/2022\\\/05\\\/PNG-favicon.png\",\"width\":466,\"height\":512,\"caption\":\"Geromella Windsurfing School &amp; Center - Geromella.com.hr\"},\"image\":{\"@id\":\"https:\\\/\\\/www.geromella.com.hr\\\/#\\\/schema\\\/logo\\\/image\\\/\"}}]}<\/script>\n<!-- \/ Yoast SEO plugin. -->","yoast_head_json":{"title":"O nama - Geromella Windsurfing School &amp; Center - Geromella.com.hr","description":"Geromella Windsurfing Center \u2013 upoznajte na\u0161 tim, strast prema vodenim sportovima i mjesto gdje u\u010denje postaje zabava u Pomeru i Li\u017enjanu.","robots":{"index":"index","follow":"follow","max-snippet":"max-snippet:-1","max-image-preview":"max-image-preview:large","max-video-preview":"max-video-preview:-1"},"canonical":"https:\/\/www.geromella.com.hr\/hr\/onama\/","og_locale":"hr_HR","og_type":"article","og_title":"O nama - Geromella Windsurfing School &amp; Center - Geromella.com.hr","og_description":"Geromella Windsurfing Center \u2013 upoznajte na\u0161 tim, strast prema vodenim sportovima i mjesto gdje u\u010denje postaje zabava u Pomeru i Li\u017enjanu.","og_url":"https:\/\/www.geromella.com.hr\/hr\/onama\/","og_site_name":"Geromella Windsurfing School &amp; Center - Geromella.com.hr","article_modified_time":"2026-03-20T12:31:10+00:00","og_image":[{"width":3000,"height":1500,"url":"https:\/\/www.geromella.com.hr\/wp-content\/uploads\/2019\/03\/aboutus-2.jpg","type":"image\/jpeg"}],"twitter_card":"summary_large_image","twitter_misc":{"Procijenjeno vrijeme \u010ditanja":"3 minute"},"schema":{"@context":"https:\/\/schema.org","@graph":[{"@type":"WebPage","@id":"https:\/\/www.geromella.com.hr\/hr\/onama\/","url":"https:\/\/www.geromella.com.hr\/hr\/onama\/","name":"O nama - Geromella Windsurfing School &amp; Center - Geromella.com.hr","isPartOf":{"@id":"https:\/\/www.geromella.com.hr\/#website"},"primaryImageOfPage":{"@id":"https:\/\/www.geromella.com.hr\/hr\/onama\/#primaryimage"},"image":{"@id":"https:\/\/www.geromella.com.hr\/hr\/onama\/#primaryimage"},"thumbnailUrl":"https:\/\/www.geromella.com.hr\/wp-content\/uploads\/2019\/03\/aboutus-2.jpg","datePublished":"2018-07-09T13:09:33+00:00","dateModified":"2026-03-20T12:31:10+00:00","description":"Geromella Windsurfing Center \u2013 upoznajte na\u0161 tim, strast prema vodenim sportovima i mjesto gdje u\u010denje postaje zabava u Pomeru i Li\u017enjanu.","breadcrumb":{"@id":"https:\/\/www.geromella.com.hr\/hr\/onama\/#breadcrumb"},"inLanguage":"hr","potentialAction":[{"@type":"ReadAction","target":["https:\/\/www.geromella.com.hr\/hr\/onama\/"]}]},{"@type":"ImageObject","inLanguage":"hr","@id":"https:\/\/www.geromella.com.hr\/hr\/onama\/#primaryimage","url":"https:\/\/www.geromella.com.hr\/wp-content\/uploads\/2019\/03\/aboutus-2.jpg","contentUrl":"https:\/\/www.geromella.com.hr\/wp-content\/uploads\/2019\/03\/aboutus-2.jpg"},{"@type":"BreadcrumbList","@id":"https:\/\/www.geromella.com.hr\/hr\/onama\/#breadcrumb","itemListElement":[{"@type":"ListItem","position":1,"name":"Home","item":"https:\/\/www.geromella.com.hr\/hr\/"},{"@type":"ListItem","position":2,"name":"O nama"}]},{"@type":"WebSite","@id":"https:\/\/www.geromella.com.hr\/#website","url":"https:\/\/www.geromella.com.hr\/","name":"Geromella Windsurfing School &amp; Center - Geromella.com.hr","description":"","publisher":{"@id":"https:\/\/www.geromella.com.hr\/#organization"},"potentialAction":[{"@type":"SearchAction","target":{"@type":"EntryPoint","urlTemplate":"https:\/\/www.geromella.com.hr\/?s={search_term_string}"},"query-input":{"@type":"PropertyValueSpecification","valueRequired":true,"valueName":"search_term_string"}}],"inLanguage":"hr"},{"@type":"Organization","@id":"https:\/\/www.geromella.com.hr\/#organization","name":"Geromella Windsurfing School &amp; Center - Geromella.com.hr","url":"https:\/\/www.geromella.com.hr\/","logo":{"@type":"ImageObject","inLanguage":"hr","@id":"https:\/\/www.geromella.com.hr\/#\/schema\/logo\/image\/","url":"https:\/\/www.geromella.com.hr\/wp-content\/uploads\/2022\/05\/PNG-favicon.png","contentUrl":"https:\/\/www.geromella.com.hr\/wp-content\/uploads\/2022\/05\/PNG-favicon.png","width":466,"height":512,"caption":"Geromella Windsurfing School &amp; Center - Geromella.com.hr"},"image":{"@id":"https:\/\/www.geromella.com.hr\/#\/schema\/logo\/image\/"}}]}},"_links":{"self":[{"href":"https:\/\/www.geromella.com.hr\/hr\/wp-json\/wp\/v2\/pages\/1254","targetHints":{"allow":["GET"]}}],"collection":[{"href":"https:\/\/www.geromella.com.hr\/hr\/wp-json\/wp\/v2\/pages"}],"about":[{"href":"https:\/\/www.geromella.com.hr\/hr\/wp-json\/wp\/v2\/types\/page"}],"author":[{"embeddable":true,"href":"https:\/\/www.geromella.com.hr\/hr\/wp-json\/wp\/v2\/users\/1"}],"replies":[{"embeddable":true,"href":"https:\/\/www.geromella.com.hr\/hr\/wp-json\/wp\/v2\/comments?post=1254"}],"version-history":[{"count":30,"href":"https:\/\/www.geromella.com.hr\/hr\/wp-json\/wp\/v2\/pages\/1254\/revisions"}],"predecessor-version":[{"id":3138,"href":"https:\/\/www.geromella.com.hr\/hr\/wp-json\/wp\/v2\/pages\/1254\/revisions\/3138"}],"wp:attachment":[{"href":"https:\/\/www.geromella.com.hr\/hr\/wp-json\/wp\/v2\/media?parent=1254"}],"curies":[{"name":"wp","href":"https:\/\/api.w.org\/{rel}","templated":true}]}}