{"id":1256,"date":"2018-07-09T14:04:08","date_gmt":"2018-07-09T14:04:08","guid":{"rendered":"http:\/\/demo-content.kaliumtheme.com\/law\/?page_id=19"},"modified":"2026-03-20T12:37:16","modified_gmt":"2026-03-20T12:37:16","slug":"tecajevi","status":"publish","type":"page","link":"https:\/\/www.geromella.com.hr\/hr\/tecajevi\/","title":{"rendered":"Te\u010dajevi"},"content":{"rendered":"<div class=\"wpb-content-wrapper\"><p>[vc_row][vc_column][vc_single_image image=&#8221;1630&#8243; img_size=&#8221;full&#8221; alignment=&#8221;center&#8221;][vc_column_text css=&#8221;&#8221;]<\/p>\n<h1 style=\"text-align: center;\">Te\u010dajevi i poduka jedrenja na dasci u Istri<br \/>\n<span style=\"color: red;\">Prilago\u0111eno po\u010detnicima \u2022 Podr\u017eavaju\u0107e \u2022 Sigurno<\/span><\/h1>\n<p style=\"font-size: 20px; text-align: center;\">Bilo da prvi put stajete na dasku ili \u017eelite unaprijediti svoje znanje jedrenja na dasci, na\u0161i su te\u010dajevi osmi\u0161ljeni kako biste u\u010dili s povjerenjem, vlastitim tempom i uz stalnu podr\u0161ku iskusnih instruktora.<br \/>\nS vi\u0161e od 20 godina iskustva u poduci, pristup nam je jednostavan, siguran i ugodan \u2013 kako bi va\u0161e vrijeme na moru postalo jedna od najljep\u0161ih uspomena s odmora u Istri.<\/p>\n<p>[\/vc_column_text][vc_tta_tour style=&#8221;flat&#8221; shape=&#8221;square&#8221; color=&#8221;white&#8221; controls_size=&#8221;md&#8221; active_section=&#8221;1&#8243; no_fill_content_area=&#8221;true&#8221; css=&#8221;.vc_custom_1540306488405{padding-top: 35px !important;}&#8221; el_class=&#8221;service-list&#8221;][vc_tta_section title=&#8221;Po\u010dnite s probnim satom&#8221; tab_id=&#8221;pocetni-sat&#8221;][vc_column_text css=&#8221;&#8221;]<\/p>\n<h2>Po\u010dnite s probnim satom<\/h2>\n<p><img decoding=\"async\" class=\"wp-image-2857 size-full alignright lazyload\" data-src=\"https:\/\/www.geromella.com.hr\/wp-content\/uploads\/2026\/02\/IMG_0045.jpg\" alt=\"\" width=\"400\" height=\"267\" data-srcset=\"https:\/\/www.geromella.com.hr\/wp-content\/uploads\/2026\/02\/IMG_0045.jpg 400w, https:\/\/www.geromella.com.hr\/wp-content\/uploads\/2026\/02\/IMG_0045-300x200.jpg 300w\" data-sizes=\"(max-width: 400px) 100vw, 400px\" src=\"data:image\/svg+xml;base64,PHN2ZyB3aWR0aD0iMSIgaGVpZ2h0PSIxIiB4bWxucz0iaHR0cDovL3d3dy53My5vcmcvMjAwMC9zdmciPjwvc3ZnPg==\" style=\"--smush-placeholder-width: 400px; --smush-placeholder-aspect-ratio: 400\/267;\" \/><\/p>\n<p style=\"font-size: 20px;\">Ako vas zanima jedrenje na dasci, ali se jo\u0161 ne \u017eelite obvezati na cijeli te\u010daj, <strong>probni sat<\/strong> idealan je po\u010detak.<br \/>\nNajprije u\u010dite osnove na kopnu, a zatim ih uz instruktora primjenjujete na vodi.<br \/>\nAko odlu\u010dite nastaviti, jednostavno nadoplatite razliku i uklju\u010dite se u puni te\u010daj.<br \/>\nKome je namijenjen?<\/p>\n<ul>\n<li>\n<p style=\"font-size: 20px;\">potpunim po\u010detnicima koji \u017eele isprobati prije odluke<\/p>\n<\/li>\n<li>\n<p style=\"font-size: 20px;\">obiteljima koje \u017eele siguran i postupan uvod<\/p>\n<\/li>\n<li>\n<p style=\"font-size: 20px;\">svima koji su znati\u017eeljni i \u017eele osjetiti kako jedrenje na dasci izgleda u praksi<\/p>\n<\/li>\n<\/ul>\n<p>[\/vc_column_text][\/vc_tta_section][vc_tta_section title=&#8221;Po\u010detni\u010dki te\u010daj&#8221; tab_id=&#8221;po\u010detni\u010dki-te\u010daj&#8221;][vc_column_text css=&#8221;&#8221;]<\/p>\n<h2>Po\u010detni\u010dki te\u010daj<\/h2>\n<p><strong><img decoding=\"async\" class=\"wp-image-2865 size-full alignright lazyload\" data-src=\"https:\/\/www.geromella.com.hr\/wp-content\/uploads\/2026\/02\/IMG_3434.jpg\" alt=\"\" width=\"400\" height=\"267\" data-srcset=\"https:\/\/www.geromella.com.hr\/wp-content\/uploads\/2026\/02\/IMG_3434.jpg 400w, https:\/\/www.geromella.com.hr\/wp-content\/uploads\/2026\/02\/IMG_3434-300x200.jpg 300w\" data-sizes=\"(max-width: 400px) 100vw, 400px\" src=\"data:image\/svg+xml;base64,PHN2ZyB3aWR0aD0iMSIgaGVpZ2h0PSIxIiB4bWxucz0iaHR0cDovL3d3dy53My5vcmcvMjAwMC9zdmciPjwvc3ZnPg==\" style=\"--smush-placeholder-width: 400px; --smush-placeholder-aspect-ratio: 400\/267;\" \/><\/strong><b><\/b><\/p>\n<p style=\"font-size: 20px;\">Na\u0161i po\u010detni\u010dki te\u010dajevi namijenjeni su osobama bez prethodnog iskustva.<br \/>\nVje\u0161tine gradimo postupno \u2014 zapo\u010dinjemo na kopnenom simulatoru, a zatim sve ponavljamo na vodi uz punu podr\u0161ku i vodstvo instruktora.<br \/>\nPo zavr\u0161etku te\u010daja mo\u0107i \u0107ete samostalno jedriti u mirnim uvjetima te sigurno upravljati daskom i jedrom.<br \/>\nOpcije te\u010daja:<br \/>\n&#8211; 4 sata \u2013 osnove u sa\u017eetom programu<br \/>\n&#8211; 6 sati \u2013 \u010dvrsti temelj za po\u010detnike<br \/>\n&#8211; 8 sati \u2013 isti program uz opu\u0161teniji tempo i vi\u0161e vremena za vje\u017ebu<br \/>\nU cijenu je uklju\u010dena strpljiva poduka, stabilne po\u010detni\u010dke daske i oprema prilago\u0111ena va\u0161oj razini.<\/p>\n<p>[\/vc_column_text][\/vc_tta_section][vc_tta_section title=&#8221;Napredni te\u010daj i Fun poduka&#8221; tab_id=&#8221;napredni-te\u010daj&#8221;][vc_column_text css=&#8221;&#8221;]<\/p>\n<h2>Napredni te\u010daj i Fun poduka<\/h2>\n<p><u><img decoding=\"async\" class=\"wp-image-2853 size-full alignright lazyload\" data-src=\"https:\/\/www.geromella.com.hr\/wp-content\/uploads\/2026\/02\/DSC_5736.jpg\" alt=\"\" width=\"400\" height=\"267\" data-srcset=\"https:\/\/www.geromella.com.hr\/wp-content\/uploads\/2026\/02\/DSC_5736.jpg 400w, https:\/\/www.geromella.com.hr\/wp-content\/uploads\/2026\/02\/DSC_5736-300x200.jpg 300w\" data-sizes=\"(max-width: 400px) 100vw, 400px\" src=\"data:image\/svg+xml;base64,PHN2ZyB3aWR0aD0iMSIgaGVpZ2h0PSIxIiB4bWxucz0iaHR0cDovL3d3dy53My5vcmcvMjAwMC9zdmciPjwvc3ZnPg==\" style=\"--smush-placeholder-width: 400px; --smush-placeholder-aspect-ratio: 400\/267;\" \/><\/u><\/p>\n<p style=\"font-size: 20px;\">Ako ve\u0107 poznajete osnove i \u017eelite dodatni izazov, na\u0161 napredni te\u010daj poma\u017ee vam usavr\u0161iti tehniku, uklju\u010duju\u0107i napredne okrete (okret u vjetar i niz vjetar), beach start te kori\u0161tenje trapeza.<br \/>\nZa iskusne jedrili\u010dare koji u\u017eivaju u ja\u010dem vjetru nudimo i Fun poduku \u2013 satove po dogovoru, usmjerene na kontrolu, performanse i u\u017eitak u zahtjevnijim uvjetima.<\/p>\n<p>[\/vc_column_text][\/vc_tta_section][vc_tta_section title=&#8221;Individualni satovi i prilago\u0111eni treninzi&#8221; tab_id=&#8221;individualni-satovi&#8221;][vc_column_text css=&#8221;&#8221;]<\/p>\n<h2>Individualni satovi i prilago\u0111eni treninzi<\/h2>\n<p><u><img decoding=\"async\" class=\"wp-image-2861 size-full alignright lazyload\" data-src=\"https:\/\/www.geromella.com.hr\/wp-content\/uploads\/2026\/02\/IMG_1143.jpg\" alt=\"\" width=\"400\" height=\"267\" data-srcset=\"https:\/\/www.geromella.com.hr\/wp-content\/uploads\/2026\/02\/IMG_1143.jpg 400w, https:\/\/www.geromella.com.hr\/wp-content\/uploads\/2026\/02\/IMG_1143-300x200.jpg 300w\" data-sizes=\"(max-width: 400px) 100vw, 400px\" src=\"data:image\/svg+xml;base64,PHN2ZyB3aWR0aD0iMSIgaGVpZ2h0PSIxIiB4bWxucz0iaHR0cDovL3d3dy53My5vcmcvMjAwMC9zdmciPjwvc3ZnPg==\" style=\"--smush-placeholder-width: 400px; --smush-placeholder-aspect-ratio: 400\/267;\" \/><\/u><\/p>\n<p style=\"font-size: 20px;\">Ako preferirate individualni pristup ili \u017eelite sat u potpunosti prilago\u0111en sebi, dostupni su privatni satovi za po\u010detnike i napredne.<br \/>\nIdealni su za djecu, odrasle koji bolje napreduju individualno ili za sve koji \u017eele br\u017ei napredak i dodatnu sigurnost.<\/p>\n<p>[\/vc_column_text][\/vc_tta_section][\/vc_tta_tour][\/vc_column][\/vc_row][vc_row][vc_column][vc_single_image image=&#8221;2697&#8243; img_size=&#8221;full&#8221; alignment=&#8221;center&#8221;][\/vc_column][\/vc_row][vc_row css=&#8221;.vc_custom_1768295245073{background-color: #F1EDE7 !important;}&#8221;][vc_column][lab_divider][vc_column_text css=&#8221;&#8221;]<\/p>\n<h2 style=\"text-align: center;\">\u010cesta pitanja<\/h2>\n<p>[\/vc_column_text][lab_divider][vc_toggle title=&#8221;Je li te\u0161ko nau\u010diti jedriti na dasci?&#8221; css=&#8221;&#8221;]<\/p>\n<p style=\"font-size: 20px;\">Uz stru\u010dno vodstvo, ve\u0107ina polaznika brzo otkriva koliko je sport zapravo zabavan.<\/p>\n<p>[\/vc_toggle][vc_toggle title=&#8221;Koliko je vremena potrebno da samostalno jedrim?&#8221; css=&#8221;&#8221;]<\/p>\n<p style=\"font-size: 20px;\">Po\u010detni\u010dki te\u010daj traje 6 sati, raspore\u0111enih kroz nekoliko dana.<br \/>\nVe\u0107ina polaznika po zavr\u0161etku mo\u017ee samostalno jedriti u mirnim uvjetima.<\/p>\n<p>[\/vc_toggle][vc_toggle title=&#8221;\u0160to ako imam lo\u0161u ravnote\u017eu?&#8221; css=&#8221;&#8221;]<\/p>\n<p style=\"font-size: 20px;\">To je vrlo \u010desta situacija. Koristimo \u0161iroke i stabilne daske, a instruktor je cijelo vrijeme u blizini.<\/p>\n<p>[\/vc_toggle][vc_toggle title=&#8221;Moram li biti dobar pliva\u010d?&#8221; css=&#8221;&#8221;]<\/p>\n<p style=\"font-size: 20px;\">Osnovno znanje plivanja je potrebno. Djeca nose prsluke za spa\u0161avanje, a i odrasli ih mogu koristiti po \u017eelji.<\/p>\n<p>[\/vc_toggle][vc_toggle title=&#8221;Koji su uvjeti najbolji za po\u010detnike?&#8221; css=&#8221;&#8221;]<\/p>\n<p style=\"font-size: 20px;\">Lagani vjetar (5\u201310 \u010dvorova) i mirno more. Po\u010detnike nikada ne podu\u010davamo na jakom vjetru.<\/p>\n<p>[\/vc_toggle][vc_toggle title=&#8221;Je li jedrenje na dasci opasno?&#8221; css=&#8221;&#8221;]<\/p>\n<p style=\"font-size: 20px;\">Ne, ako se provodi u odgovaraju\u0107im uvjetima i uz stru\u010dno vodstvo. Sigurnost je uvijek prioritet.<\/p>\n<p>[\/vc_toggle][vc_toggle title=&#8221;Ho\u0107u li biti sam na vodi?&#8221; css=&#8221;&#8221;]<\/p>\n<p style=\"font-size: 20px;\">Ne. Instruktori su uvijek u blizini, a sigurnosni \u010damac je spreman prema potrebi.<\/p>\n<p>[\/vc_toggle][vc_toggle title=&#8221;Trebam li kupiti opremu?&#8221; css=&#8221;&#8221;]<\/p>\n<p style=\"font-size: 20px;\">Ne. Sva oprema uklju\u010dena je u cijenu te\u010daja.<\/p>\n<p>[\/vc_toggle][vc_toggle title=&#8221;Trebam li uzeti satove ili u\u010diti samostalno?&#8221; css=&#8221;&#8221;]<\/p>\n<p style=\"font-size: 20px;\">Satovi su br\u017ei, sigurniji i znatno ugodniji na\u010din u\u010denja.<\/p>\n<p>[\/vc_toggle][vc_toggle title=&#8221;Moram li svih 6 sati odraditi u jednom danu?&#8221; css=&#8221;&#8221;]<\/p>\n<p style=\"font-size: 20px;\">Ne. Preporu\u010dujemo 1\u20132 sata dnevno radi boljeg napretka i odmora.<\/p>\n<p>[\/vc_toggle][\/vc_column][\/vc_row][vc_row css=&#8221;.vc_custom_1768295268564{background-position: center !important;background-repeat: no-repeat !important;background-size: cover !important;}&#8221;][vc_column width=&#8221;1\/3&#8243;][vc_column_text css=&#8221;&#8221;]<\/p>\n<h2>\u0160to \u0107ete nau\u010diti<\/h2>\n<p style=\"font-size: 20px;\">Svaki sat usmjeren je na konkretan napredak, jasno razumijevanje i siguran boravak na vodi.<br \/>\nNau\u010dit \u0107ete:<\/p>\n<ul>\n<li>\n<p style=\"font-size: 20px;\">osnove vjetra i mora<\/p>\n<\/li>\n<li>\n<p style=\"font-size: 20px;\">ravnote\u017eu i pravilnu poziciju tijela<\/p>\n<\/li>\n<li>\n<p style=\"font-size: 20px;\">kontrolu jedra<\/p>\n<\/li>\n<li>\n<p style=\"font-size: 20px;\">sigurna okretanja i manevriranje<\/p>\n<\/li>\n<li>\n<p style=\"font-size: 20px;\">prilagodbu razli\u010ditim uvjetima<\/p>\n<\/li>\n<\/ul>\n<p>[\/vc_column_text][\/vc_column][vc_column width=&#8221;1\/3&#8243;][vc_column_text css=&#8221;&#8221;]<\/p>\n<h2>Sigurnost i podr\u0161ka<\/h2>\n<p style=\"font-size: 20px;\">Sigurnost nam je uvijek na prvom mjestu.<br \/>\nZato:<\/p>\n<ul>\n<li>\n<p style=\"font-size: 20px;\">instruktori su uvijek u blizini<\/p>\n<\/li>\n<li>\n<p style=\"font-size: 20px;\">po\u010detnici nikada nisu prepu\u0161teni sami sebi<\/p>\n<\/li>\n<li>\n<p style=\"font-size: 20px;\">sigurnosni \u010damac dostupan je prema potrebi<\/p>\n<\/li>\n<li>\n<p style=\"font-size: 20px;\">oprema je prilago\u0111ena va\u0161oj razini<\/p>\n<\/li>\n<\/ul>\n<p style=\"font-size: 20px;\">U\u010denje treba biti ugodno i sigurno \u2014 upravo takvo iskustvo pru\u017eamo.<\/p>\n<p>[\/vc_column_text][\/vc_column][vc_column width=&#8221;1\/3&#8243;][vc_column_text css=&#8221;&#8221;]<\/p>\n<h2>Prakti\u010dne informacije<\/h2>\n<ul>\n<li>\n<p style=\"font-size: 20px;\">Termini se prilago\u0111avaju vremenskim uvjetima<\/p>\n<\/li>\n<li>\n<p style=\"font-size: 20px;\">Mogu\u0107a je rezervacija unaprijed ili dolazak na licu mjesta<\/p>\n<\/li>\n<li>\n<p style=\"font-size: 20px;\">Pogodno za obitelji, parove, grupe i individualne goste<\/p>\n<\/li>\n<li>\n<p style=\"font-size: 20px;\">Oprema i instruktor uklju\u010deni su u cijenu<\/p>\n<\/li>\n<\/ul>\n<p>[\/vc_column_text][\/vc_column][\/vc_row][vc_row][vc_column][vc_column_text css=&#8221;&#8221;]<\/p>\n<h2 style=\"text-align: center;\">Spremni za po\u010detak?<\/h2>\n<p style=\"font-size: 18px; text-align: center;\">Niste sigurni koji je te\u010daj pravi za vas?<br \/>\nRecite nam svoju razinu, ciljeve i koliko se osje\u0107ate sigurnima \u2014 preporu\u010dit \u0107emo vam najbolju opciju.<\/p>\n<p>[\/vc_column_text][\/vc_column][\/vc_row][vc_row][vc_column][vc_cta h2=&#8221;&#8221; txt_align=&#8221;center&#8221; el_width=&#8221;xs&#8221; add_button=&#8221;top&#8221; btn_title=&#8221;Kontakt&#8221; btn_color=&#8221;inverse&#8221; btn_align=&#8221;center&#8221; css=&#8221;&#8221; btn_button_block=&#8221;true&#8221; btn_link=&#8221;url:https%3A%2F%2Fwww.geromella.com.hr%2Fcontact%2F|title:Contact&#8221;][\/vc_cta][\/vc_column][\/vc_row]<\/p>\n<\/div>","protected":false},"excerpt":{"rendered":"<p>[vc_row][vc_column][vc_single_image image=&#8221;1630&#8243; img_size=&#8221;full&#8221; alignment=&#8221;center&#8221;][vc_column_text css=&#8221;&#8221;] Te\u010dajevi i poduka jedrenja na dasci u Istri Prilago\u0111eno po\u010detnicima \u2022 Podr\u017eavaju\u0107e \u2022 Sigurno Bilo da prvi put stajete na dasku ili \u017eelite unaprijediti svoje znanje jedrenja na dasci, na\u0161i su te\u010dajevi osmi\u0161ljeni kako biste u\u010dili s povjerenjem, vlastitim tempom i uz stalnu podr\u0161ku iskusnih instruktora. S vi\u0161e od 20&hellip;<\/p>\n","protected":false},"author":1,"featured_media":0,"parent":0,"menu_order":0,"comment_status":"closed","ping_status":"closed","template":"","meta":{"_acf_changed":false,"footnotes":""},"class_list":["post-1256","page","type-page","status-publish","hentry"],"acf":[],"yoast_head":"<!-- This site is optimized with the Yoast SEO plugin v27.4 - https:\/\/yoast.com\/product\/yoast-seo-wordpress\/ -->\n<title>Te\u010dajevi - Geromella Windsurfing School &amp; Center - Geromella.com.hr<\/title>\n<meta name=\"description\" content=\"U Geromella centru nudimo te\u010dajeve za sve \u2013 probni, po\u010detni\u010dki i napredni windsurfing, te zabavne aktivnosti na vodi za cijelu obitelj.\" \/>\n<meta name=\"robots\" content=\"index, follow, max-snippet:-1, max-image-preview:large, max-video-preview:-1\" \/>\n<link rel=\"canonical\" href=\"https:\/\/www.geromella.com.hr\/hr\/tecajevi\/\" \/>\n<meta property=\"og:locale\" content=\"hr_HR\" \/>\n<meta property=\"og:type\" content=\"article\" \/>\n<meta property=\"og:title\" content=\"Te\u010dajevi - Geromella Windsurfing School &amp; Center - Geromella.com.hr\" \/>\n<meta property=\"og:description\" content=\"U Geromella centru nudimo te\u010dajeve za sve \u2013 probni, po\u010detni\u010dki i napredni windsurfing, te zabavne aktivnosti na vodi za cijelu obitelj.\" \/>\n<meta property=\"og:url\" content=\"https:\/\/www.geromella.com.hr\/hr\/tecajevi\/\" \/>\n<meta property=\"og:site_name\" content=\"Geromella Windsurfing School &amp; Center - Geromella.com.hr\" \/>\n<meta property=\"article:modified_time\" content=\"2026-03-20T12:37:16+00:00\" \/>\n<meta property=\"og:image\" content=\"https:\/\/www.geromella.com.hr\/wp-content\/uploads\/2026\/02\/IMG_0045.jpg\" \/>\n<meta name=\"twitter:card\" content=\"summary_large_image\" \/>\n<meta name=\"twitter:label1\" content=\"Procijenjeno vrijeme \u010ditanja\" \/>\n\t<meta name=\"twitter:data1\" content=\"5 minuta\" \/>\n<script type=\"application\/ld+json\" class=\"yoast-schema-graph\">{\"@context\":\"https:\\\/\\\/schema.org\",\"@graph\":[{\"@type\":\"WebPage\",\"@id\":\"https:\\\/\\\/www.geromella.com.hr\\\/hr\\\/tecajevi\\\/\",\"url\":\"https:\\\/\\\/www.geromella.com.hr\\\/hr\\\/tecajevi\\\/\",\"name\":\"Te\u010dajevi - Geromella Windsurfing School &amp; Center - Geromella.com.hr\",\"isPartOf\":{\"@id\":\"https:\\\/\\\/www.geromella.com.hr\\\/#website\"},\"primaryImageOfPage\":{\"@id\":\"https:\\\/\\\/www.geromella.com.hr\\\/hr\\\/tecajevi\\\/#primaryimage\"},\"image\":{\"@id\":\"https:\\\/\\\/www.geromella.com.hr\\\/hr\\\/tecajevi\\\/#primaryimage\"},\"thumbnailUrl\":\"https:\\\/\\\/www.geromella.com.hr\\\/wp-content\\\/uploads\\\/2026\\\/02\\\/IMG_0045.jpg\",\"datePublished\":\"2018-07-09T14:04:08+00:00\",\"dateModified\":\"2026-03-20T12:37:16+00:00\",\"description\":\"U Geromella centru nudimo te\u010dajeve za sve \u2013 probni, po\u010detni\u010dki i napredni windsurfing, te zabavne aktivnosti na vodi za cijelu obitelj.\",\"breadcrumb\":{\"@id\":\"https:\\\/\\\/www.geromella.com.hr\\\/hr\\\/tecajevi\\\/#breadcrumb\"},\"inLanguage\":\"hr\",\"potentialAction\":[{\"@type\":\"ReadAction\",\"target\":[\"https:\\\/\\\/www.geromella.com.hr\\\/hr\\\/tecajevi\\\/\"]}]},{\"@type\":\"ImageObject\",\"inLanguage\":\"hr\",\"@id\":\"https:\\\/\\\/www.geromella.com.hr\\\/hr\\\/tecajevi\\\/#primaryimage\",\"url\":\"https:\\\/\\\/www.geromella.com.hr\\\/wp-content\\\/uploads\\\/2026\\\/02\\\/IMG_0045.jpg\",\"contentUrl\":\"https:\\\/\\\/www.geromella.com.hr\\\/wp-content\\\/uploads\\\/2026\\\/02\\\/IMG_0045.jpg\"},{\"@type\":\"BreadcrumbList\",\"@id\":\"https:\\\/\\\/www.geromella.com.hr\\\/hr\\\/tecajevi\\\/#breadcrumb\",\"itemListElement\":[{\"@type\":\"ListItem\",\"position\":1,\"name\":\"Home\",\"item\":\"https:\\\/\\\/www.geromella.com.hr\\\/hr\\\/\"},{\"@type\":\"ListItem\",\"position\":2,\"name\":\"Te\u010dajevi\"}]},{\"@type\":\"WebSite\",\"@id\":\"https:\\\/\\\/www.geromella.com.hr\\\/#website\",\"url\":\"https:\\\/\\\/www.geromella.com.hr\\\/\",\"name\":\"Geromella Windsurfing School &amp; Center - Geromella.com.hr\",\"description\":\"\",\"publisher\":{\"@id\":\"https:\\\/\\\/www.geromella.com.hr\\\/#organization\"},\"potentialAction\":[{\"@type\":\"SearchAction\",\"target\":{\"@type\":\"EntryPoint\",\"urlTemplate\":\"https:\\\/\\\/www.geromella.com.hr\\\/?s={search_term_string}\"},\"query-input\":{\"@type\":\"PropertyValueSpecification\",\"valueRequired\":true,\"valueName\":\"search_term_string\"}}],\"inLanguage\":\"hr\"},{\"@type\":\"Organization\",\"@id\":\"https:\\\/\\\/www.geromella.com.hr\\\/#organization\",\"name\":\"Geromella Windsurfing School &amp; Center - Geromella.com.hr\",\"url\":\"https:\\\/\\\/www.geromella.com.hr\\\/\",\"logo\":{\"@type\":\"ImageObject\",\"inLanguage\":\"hr\",\"@id\":\"https:\\\/\\\/www.geromella.com.hr\\\/#\\\/schema\\\/logo\\\/image\\\/\",\"url\":\"https:\\\/\\\/www.geromella.com.hr\\\/wp-content\\\/uploads\\\/2022\\\/05\\\/PNG-favicon.png\",\"contentUrl\":\"https:\\\/\\\/www.geromella.com.hr\\\/wp-content\\\/uploads\\\/2022\\\/05\\\/PNG-favicon.png\",\"width\":466,\"height\":512,\"caption\":\"Geromella Windsurfing School &amp; Center - Geromella.com.hr\"},\"image\":{\"@id\":\"https:\\\/\\\/www.geromella.com.hr\\\/#\\\/schema\\\/logo\\\/image\\\/\"}}]}<\/script>\n<!-- \/ Yoast SEO plugin. -->","yoast_head_json":{"title":"Te\u010dajevi - Geromella Windsurfing School &amp; Center - Geromella.com.hr","description":"U Geromella centru nudimo te\u010dajeve za sve \u2013 probni, po\u010detni\u010dki i napredni windsurfing, te zabavne aktivnosti na vodi za cijelu obitelj.","robots":{"index":"index","follow":"follow","max-snippet":"max-snippet:-1","max-image-preview":"max-image-preview:large","max-video-preview":"max-video-preview:-1"},"canonical":"https:\/\/www.geromella.com.hr\/hr\/tecajevi\/","og_locale":"hr_HR","og_type":"article","og_title":"Te\u010dajevi - Geromella Windsurfing School &amp; Center - Geromella.com.hr","og_description":"U Geromella centru nudimo te\u010dajeve za sve \u2013 probni, po\u010detni\u010dki i napredni windsurfing, te zabavne aktivnosti na vodi za cijelu obitelj.","og_url":"https:\/\/www.geromella.com.hr\/hr\/tecajevi\/","og_site_name":"Geromella Windsurfing School &amp; Center - Geromella.com.hr","article_modified_time":"2026-03-20T12:37:16+00:00","og_image":[{"url":"https:\/\/www.geromella.com.hr\/wp-content\/uploads\/2026\/02\/IMG_0045.jpg","type":"","width":"","height":""}],"twitter_card":"summary_large_image","twitter_misc":{"Procijenjeno vrijeme \u010ditanja":"5 minuta"},"schema":{"@context":"https:\/\/schema.org","@graph":[{"@type":"WebPage","@id":"https:\/\/www.geromella.com.hr\/hr\/tecajevi\/","url":"https:\/\/www.geromella.com.hr\/hr\/tecajevi\/","name":"Te\u010dajevi - Geromella Windsurfing School &amp; Center - Geromella.com.hr","isPartOf":{"@id":"https:\/\/www.geromella.com.hr\/#website"},"primaryImageOfPage":{"@id":"https:\/\/www.geromella.com.hr\/hr\/tecajevi\/#primaryimage"},"image":{"@id":"https:\/\/www.geromella.com.hr\/hr\/tecajevi\/#primaryimage"},"thumbnailUrl":"https:\/\/www.geromella.com.hr\/wp-content\/uploads\/2026\/02\/IMG_0045.jpg","datePublished":"2018-07-09T14:04:08+00:00","dateModified":"2026-03-20T12:37:16+00:00","description":"U Geromella centru nudimo te\u010dajeve za sve \u2013 probni, po\u010detni\u010dki i napredni windsurfing, te zabavne aktivnosti na vodi za cijelu obitelj.","breadcrumb":{"@id":"https:\/\/www.geromella.com.hr\/hr\/tecajevi\/#breadcrumb"},"inLanguage":"hr","potentialAction":[{"@type":"ReadAction","target":["https:\/\/www.geromella.com.hr\/hr\/tecajevi\/"]}]},{"@type":"ImageObject","inLanguage":"hr","@id":"https:\/\/www.geromella.com.hr\/hr\/tecajevi\/#primaryimage","url":"https:\/\/www.geromella.com.hr\/wp-content\/uploads\/2026\/02\/IMG_0045.jpg","contentUrl":"https:\/\/www.geromella.com.hr\/wp-content\/uploads\/2026\/02\/IMG_0045.jpg"},{"@type":"BreadcrumbList","@id":"https:\/\/www.geromella.com.hr\/hr\/tecajevi\/#breadcrumb","itemListElement":[{"@type":"ListItem","position":1,"name":"Home","item":"https:\/\/www.geromella.com.hr\/hr\/"},{"@type":"ListItem","position":2,"name":"Te\u010dajevi"}]},{"@type":"WebSite","@id":"https:\/\/www.geromella.com.hr\/#website","url":"https:\/\/www.geromella.com.hr\/","name":"Geromella Windsurfing School &amp; Center - Geromella.com.hr","description":"","publisher":{"@id":"https:\/\/www.geromella.com.hr\/#organization"},"potentialAction":[{"@type":"SearchAction","target":{"@type":"EntryPoint","urlTemplate":"https:\/\/www.geromella.com.hr\/?s={search_term_string}"},"query-input":{"@type":"PropertyValueSpecification","valueRequired":true,"valueName":"search_term_string"}}],"inLanguage":"hr"},{"@type":"Organization","@id":"https:\/\/www.geromella.com.hr\/#organization","name":"Geromella Windsurfing School &amp; Center - Geromella.com.hr","url":"https:\/\/www.geromella.com.hr\/","logo":{"@type":"ImageObject","inLanguage":"hr","@id":"https:\/\/www.geromella.com.hr\/#\/schema\/logo\/image\/","url":"https:\/\/www.geromella.com.hr\/wp-content\/uploads\/2022\/05\/PNG-favicon.png","contentUrl":"https:\/\/www.geromella.com.hr\/wp-content\/uploads\/2022\/05\/PNG-favicon.png","width":466,"height":512,"caption":"Geromella Windsurfing School &amp; Center - Geromella.com.hr"},"image":{"@id":"https:\/\/www.geromella.com.hr\/#\/schema\/logo\/image\/"}}]}},"_links":{"self":[{"href":"https:\/\/www.geromella.com.hr\/hr\/wp-json\/wp\/v2\/pages\/1256","targetHints":{"allow":["GET"]}}],"collection":[{"href":"https:\/\/www.geromella.com.hr\/hr\/wp-json\/wp\/v2\/pages"}],"about":[{"href":"https:\/\/www.geromella.com.hr\/hr\/wp-json\/wp\/v2\/types\/page"}],"author":[{"embeddable":true,"href":"https:\/\/www.geromella.com.hr\/hr\/wp-json\/wp\/v2\/users\/1"}],"replies":[{"embeddable":true,"href":"https:\/\/www.geromella.com.hr\/hr\/wp-json\/wp\/v2\/comments?post=1256"}],"version-history":[{"count":31,"href":"https:\/\/www.geromella.com.hr\/hr\/wp-json\/wp\/v2\/pages\/1256\/revisions"}],"predecessor-version":[{"id":3144,"href":"https:\/\/www.geromella.com.hr\/hr\/wp-json\/wp\/v2\/pages\/1256\/revisions\/3144"}],"wp:attachment":[{"href":"https:\/\/www.geromella.com.hr\/hr\/wp-json\/wp\/v2\/media?parent=1256"}],"curies":[{"name":"wp","href":"https:\/\/api.w.org\/{rel}","templated":true}]}}