{"id":1651,"date":"2019-03-26T18:55:26","date_gmt":"2019-03-26T18:55:26","guid":{"rendered":"https:\/\/www.geromella.com.hr\/2019\/?page_id=1651"},"modified":"2026-03-10T18:45:16","modified_gmt":"2026-03-10T18:45:16","slug":"cjenik","status":"publish","type":"page","link":"https:\/\/www.geromella.com.hr\/hr\/cjenik\/","title":{"rendered":"Cjenik"},"content":{"rendered":"<div class=\"wpb-content-wrapper\"><p>[vc_row][vc_column css=&#8221;.vc_custom_1768749061131{padding-left: 10px !important;}&#8221;][vc_empty_space height=&#8221;20px&#8221;][vc_column_text css=&#8221;&#8221;]<\/p>\n<h1 style=\"text-align: center;\"><strong>Cjenik<\/strong><\/h1>\n<p>&nbsp;<\/p>\n<p style=\"font-size: 20px;\">Ovdje \u0107ete prona\u0107i jasan pregled na\u0161ih te\u010dajeva, aktivnosti i najma \u2013 kako biste uvijek znali \u0161to o\u010dekivati prije dolaska. Sve cijene uklju\u010duju opremu, podr\u0161ku instruktora te prijateljsko i sigurno okru\u017eenje za u\u010denje.<\/p>\n<p style=\"font-size: 20px; text-align: center;\">Ako niste sigurni koja je opcija najbolja za vas, rado \u0107emo vam pomo\u0107i pri odabiru.<\/p>\n<p>[\/vc_column_text][vc_empty_space height=&#8221;20px&#8221;][lab_divider][vc_column_text css=&#8221;&#8221;]<\/p>\n<h1 style=\"text-align: center;\"><span style=\"color: red;\">Te\u010dajevi jedrenja na dasci<\/span><\/h1>\n<p>[\/vc_column_text][lab_divider][\/vc_column][\/vc_row][vc_row full_width=&#8221;stretch_row&#8221; equal_height=&#8221;yes&#8221; content_placement=&#8221;middle&#8221;][vc_column][vc_row_inner equal_height=&#8221;yes&#8221; content_placement=&#8221;top&#8221;][vc_column_inner width=&#8221;1\/3&#8243; offset=&#8221;vc_hidden-sm vc_hidden-xs&#8221;][vc_single_image image=&#8221;2839&#8243; img_size=&#8221;355x500px&#8221; css=&#8221;&#8221;][vc_single_image image=&#8221;2830&#8243; img_size=&#8221;355x500px&#8221; css=&#8221;&#8221;][\/vc_column_inner][vc_column_inner width=&#8221;2\/3&#8243; offset=&#8221;vc_hidden-sm vc_hidden-xs&#8221;][vc_column_text css=&#8221;&#8221;]<\/p>\n<h3><strong><span style=\"font-size: 25px;\">Probni sat<\/span><\/strong><\/h3>\n<p style=\"font-size: 20px;\">(45 minuta)<\/p>\n<p><span style=\"font-size: 20px;\">Savr\u0161eno ako \u017eelite isprobati jedrenje na dasci prije nego se odlu\u010dite za cijeli te\u010daj. Ako odlu\u010dite nastaviti, pla\u0107ate samo razliku.<\/span><\/p>\n<h3><strong><span style=\"font-size: 25px;\">Cijena: 40 \u20ac<\/span><\/strong><\/h3>\n<p>&nbsp;<\/p>\n<h3><strong><span style=\"font-size: 25px;\">Po\u010detni te\u010daj &#8211; 4 sata<\/span><\/strong><\/h3>\n<p><span style=\"font-size: 20px;\">Namijenjen gostima koji imaju malo vremena, ali \u017eele kvalitetan uvod u jedrenje na dasci.<br \/>\nOvaj te\u010daj poma\u017ee vam razumjeti osnove, izgraditi samopouzdanje i samostalno jedriti u mirnim uvjetima.<br \/>\n<\/span><span style=\"font-size: 20px;\">Odli\u010dna je opcija ako je va\u0161 boravak ograni\u010den . <\/span><\/p>\n<h3><strong><span style=\"font-size: 25px;\">Cijena: 140 \u20ac po osobi<\/span><\/strong><\/h3>\n<p>&nbsp;<\/p>\n<h3><strong><span style=\"font-size: 25px;\">Po\u010detni te\u010daj &#8211; 6 sati<\/span><\/strong><\/h3>\n<p><span style=\"font-size: 20px;\">Temeljit uvod u jedrenje na dasci s teorijom, vje\u017ebom na simulatoru i vo\u0111enim boravkom na vodi.<\/span><\/p>\n<h3><strong><span style=\"font-size: 25px;\">Cijena: 180 \u20ac po osobi<\/span><\/strong><\/h3>\n<p>&nbsp;<\/p>\n<h3><strong><span style=\"font-size: 25px;\">Premium Po\u010detni te\u010daj &#8211; 8 sati<\/span><\/strong><\/h3>\n<p><span style=\"font-size: 20px;\">Ista struktura kao 6-satni te\u010daj, ali s opu\u0161tenijim tempom i vi\u0161e vremena na vodi, uklju\u010duju\u0107i stjecanje me\u0111unarodno priznate VDWS * osnovne licence za jedrenje na dasci.<\/span><\/p>\n<h3><strong><span style=\"font-size: 25px;\">Cijena: 240 \u20ac po osobi<\/span><\/strong><\/h3>\n<p>&nbsp;<\/p>\n<h3><strong><span style=\"font-size: 25px;\">Napredni te\u010daj &#8211; 5 sati<\/span><\/strong><\/h3>\n<p><span style=\"font-size: 20px;\">Za windsurfere koji ve\u0107 poznaju osnove i \u017eele napredovati u vje\u0161tinama poput okreta u vjetar (tack), okreta niz vjetar (jibe), kori\u0161tenja trapeza i starta s pla\u017ee.<\/span><\/p>\n<h3><strong><span style=\"font-size: 25px;\">Cijena: 170 \u20ac po osobi<\/span><\/strong><\/h3>\n<p>&nbsp;<\/p>\n<h3><strong><span style=\"font-size: 25px;\">Fun te\u010daj \u2013 Jak vjetar <\/span><\/strong><span style=\"font-size: 25px;\">(samo u Pomeru)<\/span><\/h3>\n<p><span style=\"font-size: 20px;\">Za windsurfere s prethodnim iskustvom koji \u017eele u\u017eivati u ja\u010dim uvjetima vjetra uz vodstvo instruktora.<br \/>\nRezervira se po satu.<\/span><\/p>\n<h3><strong><span style=\"font-size: 25px;\">Cijena: 80 \u20ac po satu (60 minutes)<\/span><\/strong><\/h3>\n<p>&nbsp;<\/p>\n<h3><strong><span style=\"font-size: 25px;\">Individualni satovi i privatni treninzi<\/span><\/strong><\/h3>\n<p><span style=\"font-size: 20px;\">Privatni satovi idealni su za djecu, po\u010detnike koji preferiraju individualni pristup ili iskusne surfere koji \u017eele prilago\u0111eni trening.<\/span><\/p>\n<h3><strong><span style=\"font-size: 25px;\">Price: 65 \u20ac<\/span><\/strong> <span style=\"font-size: 25px;\">(<em>1 osoba<\/em>),<\/span> <strong><span style=\"font-size: 25px;\">110 \u20ac<\/span><\/strong>\u00a0<span style=\"font-size: 25px;\">(<em>2 osobe<\/em>)<\/span><\/h3>\n<p>&nbsp;<\/p>\n<h3><strong><span style=\"font-size: 25px;\">Dodatni sat<\/span><\/strong><\/h3>\n<h3><strong><span style=\"font-size: 25px;\">Cijena: 35 \u20ac<\/span><\/strong><\/h3>\n<p>[\/vc_column_text][\/vc_column_inner][\/vc_row_inner][vc_row_inner equal_height=&#8221;yes&#8221; content_placement=&#8221;top&#8221;][vc_column_inner width=&#8221;1\/3&#8243; offset=&#8221;vc_hidden-lg vc_hidden-md&#8221;][vc_single_image image=&#8221;2839&#8243; img_size=&#8221;355x500px&#8221; css=&#8221;&#8221;][\/vc_column_inner][vc_column_inner width=&#8221;2\/3&#8243; offset=&#8221;vc_hidden-lg vc_hidden-md&#8221;][vc_column_text css=&#8221;&#8221;]<\/p>\n<h3><strong>Probni sat <\/strong><\/h3>\n<p style=\"font-size: 20px;\">(45 minuta)<\/p>\n<p><span style=\"font-size: 20px;\">Savr\u0161eno ako \u017eelite isprobati jedrenje na dasci prije nego se odlu\u010dite za cijeli te\u010daj.<br \/>\nAko odlu\u010dite nastaviti, pla\u0107ate samo razliku.<\/span><\/p>\n<h3 style=\"font-size: 20px;\"><strong>Cijena: 40 \u20ac<\/strong><\/h3>\n<p>&nbsp;<\/p>\n<h3><strong>Po\u010detni te\u010daj (4 sata)<\/strong><\/h3>\n<p><span style=\"font-size: 20px;\">Namijenjen gostima koji imaju malo vremena, ali \u017eele kvalitetan uvod u jedrenje na dasci.<br \/>\nOvaj te\u010daj poma\u017ee vam razumjeti osnove, izgraditi samopouzdanje i samostalno jedriti u mirnim uvjetima.<br \/>\n<\/span><span style=\"font-size: 20px;\">Odli\u010dna je opcija ako je va\u0161 boravak ograni\u010den.<\/span><\/p>\n<h3 style=\"font-size: 20px;\"><strong>Cijena: 140 \u20ac po osobi<\/strong><\/h3>\n<p>&nbsp;<\/p>\n<h3><strong>Po\u010detni te\u010daj (6 sati)<\/strong><\/h3>\n<p><span style=\"font-size: 20px;\">Temeljit uvod u jedrenje na dasci s teorijom, vje\u017ebom na simulatoru i vo\u0111enim boravkom na vodi.<\/span><\/p>\n<h3 style=\"font-size: 20px;\"><strong>Cijena: 180 \u20ac po osobi<\/strong><\/h3>\n<p>&nbsp;<\/p>\n<h3><strong>Premium Po\u010detni te\u010daj <\/strong><\/h3>\n<h3><strong>(8 sati)<\/strong><\/h3>\n<p><span style=\"font-size: 20px;\">Ista struktura kao 6-satni te\u010daj, ali s opu\u0161tenijim tempom i vi\u0161e vremena na vodi, uklju\u010duju\u0107i stjecanje me\u0111unarodno priznate VDWS * osnovne licence za jedrenje na dasci.<\/span><\/p>\n<h3 style=\"font-size: 20px;\"><strong>Cijena: 240 \u20ac po osobi<\/strong><\/h3>\n<p>[\/vc_column_text][\/vc_column_inner][\/vc_row_inner][vc_row_inner equal_height=&#8221;yes&#8221; content_placement=&#8221;top&#8221;][vc_column_inner width=&#8221;1\/3&#8243; offset=&#8221;vc_hidden-lg vc_hidden-md&#8221;][vc_single_image image=&#8221;2830&#8243; img_size=&#8221;355x500px&#8221; css=&#8221;&#8221;][\/vc_column_inner][vc_column_inner width=&#8221;2\/3&#8243; offset=&#8221;vc_hidden-lg vc_hidden-md&#8221;][vc_column_text css=&#8221;&#8221;]<\/p>\n<h3><strong>Napredni te\u010daj (5 sati)<\/strong><\/h3>\n<p><span style=\"font-size: 20px;\">Za windsurfere koji ve\u0107 poznaju osnove i \u017eele napredovati u vje\u0161tinama poput okreta u vjetar (tack), okreta niz vjetar (jibe), kori\u0161tenja trapeza i starta s pla\u017ee.<\/span><\/p>\n<h3 style=\"font-size: 20px;\"><strong>Cijena: 170 \u20ac po osobi<\/strong><\/h3>\n<p>&nbsp;<\/p>\n<h3><strong>Fun te\u010daj \u2013 Jak vjetar <\/strong>(samo u Pomeru)<\/h3>\n<p><span style=\"font-size: 20px;\">Za windsurfere s prethodnim iskustvom koji \u017eele u\u017eivati u ja\u010dim uvjetima vjetra uz vodstvo instruktora.<br \/>\nRezervira se po satu.<\/span><\/p>\n<h3 style=\"font-size: 20px;\"><strong>Cijena: 80 \u20ac po satu (60 min)<\/strong><\/h3>\n<p>&nbsp;<\/p>\n<h3><strong>Individualni satovi i privatni treninzi<\/strong><\/h3>\n<p><span style=\"font-size: 20px;\">Privatni satovi idealni su za djecu, po\u010detnike koji preferiraju individualni pristup ili iskusne surfere koji \u017eele prilago\u0111eni trening.<\/span><\/p>\n<h3 style=\"font-size: 20px;\"><strong>Cijena: 65 \u20ac<\/strong> (<em>1 osoba<\/em>)<\/h3>\n<h3 style=\"font-size: 20px; margin-left: 85px;\"><strong>110 \u20ac<\/strong> (<em>2 osobe<\/em>)<\/h3>\n<p>&nbsp;<\/p>\n<h3><strong>Dodatni sat<\/strong><\/h3>\n<h3 style=\"font-size: 20px;\"><strong>Cijena: 35 \u20ac<\/strong><\/h3>\n<p>[\/vc_column_text][\/vc_column_inner][\/vc_row_inner][vc_column_text css=&#8221;&#8221;]<\/p>\n<h4 style=\"text-align: center; font-size: 20px;\"><em>\u0160kolski sat 45 min<\/em><\/h4>\n<p><span style=\"font-size: 20px;\">* VDWS licenca je me\u0111unarodno priznati certifikat koji izdaje VDWS International. S ovom licencom mo\u017eete iznajmiti opremu za jedrenje na dasci u centrima za jedrenje na dasci diljem svijeta.<\/span>[\/vc_column_text][\/vc_column][\/vc_row][vc_row][vc_column][lab_divider][vc_column_text css=&#8221;&#8221;]<\/p>\n<h2 style=\"text-align: center;\">Mogu\u0107nosti najma<\/h2>\n<p>[\/vc_column_text][lab_divider][\/vc_column][\/vc_row][vc_row full_width=&#8221;stretch_row&#8221; equal_height=&#8221;yes&#8221; content_placement=&#8221;middle&#8221;][vc_column][vc_row_inner equal_height=&#8221;yes&#8221; content_placement=&#8221;top&#8221;][vc_column_inner width=&#8221;1\/3&#8243;][vc_single_image image=&#8221;3012&#8243; img_size=&#8221;400&#215;510&#8243; alignment=&#8221;center&#8221; css=&#8221;&#8221;][\/vc_column_inner][vc_column_inner width=&#8221;1\/3&#8243;][vc_column_text css=&#8221;&#8221;]<\/p>\n<h4><strong><span style=\"font-size: 20px;\">\u0160kolska daska + jedro<\/span><\/strong><\/h4>\n<ul>\n<li><span style=\"font-size: 20px;\">1 h 25 \u20ac<\/span><\/li>\n<li><span style=\"font-size: 20px;\">2 h 40\u20ac<\/span><\/li>\n<\/ul>\n<h4><strong><span style=\"font-size: 20px;\">\u0160kolska daska + monofilm jedro<\/span><\/strong><\/h4>\n<ul>\n<li><span style=\"font-size: 20px;\">1 h 30 \u20ac<\/span><\/li>\n<li><span style=\"font-size: 20px;\">2 h 50 \u20ac<\/span><\/li>\n<\/ul>\n<h4><strong><span style=\"font-size: 20px;\">Fun daska + jedro<\/span><\/strong> <span style=\"font-size: 20px;\"> (samo u Pomeru)<\/span><\/h4>\n<ul>\n<li><span style=\"font-size: 20px;\">1 h 45 \u20ac<\/span><\/li>\n<\/ul>\n<h4><strong><span style=\"font-size: 20px;\">Neopren<\/span><\/strong><\/h4>\n<ul>\n<li><span style=\"font-size: 20px;\">1 h 5 \u20ac<\/span><\/li>\n<\/ul>\n<h4><strong><span style=\"font-size: 20px;\">Trapezi<\/span><\/strong> <span style=\"font-size: 20px;\"> (samo u Pomeru)<\/span><\/h4>\n<ul>\n<li><span style=\"font-size: 20px;\">1 h 5 \u20ac<\/span><\/li>\n<\/ul>\n<h4><strong><span style=\"font-size: 20px;\">Najam SUP-a<\/span><br \/>\n<\/strong><\/h4>\n<ul>\n<li><span style=\"font-size: 20px;\">1 h 15 \u20ac<\/span><\/li>\n<\/ul>\n<h4><strong><span style=\"font-size: 20px;\">Kajak<\/span><\/strong><\/h4>\n<ul>\n<li><span style=\"font-size: 20px;\">1 h 15 \u20ac<\/span><\/li>\n<li><span style=\"font-size: 20px;\">1 dan 50 \u20ac<\/span><\/li>\n<\/ul>\n<p>[\/vc_column_text][\/vc_column_inner][vc_column_inner width=&#8221;1\/3&#8243;][vc_column_text css=&#8221;&#8221;]<\/p>\n<h4><strong><span style=\"font-size: 20px;\">Pedalina<\/span><\/strong><\/h4>\n<ul>\n<li><span style=\"font-size: 20px;\">1 h 25 \u20ac<\/span><\/li>\n<\/ul>\n<h4><strong><span style=\"font-size: 20px;\">Najam bicikla<\/span><\/strong> <span style=\"font-size: 20px;\"> (samo u Pomeru)<\/span><\/h4>\n<ul>\n<li><span style=\"font-size: 20px;\">1 dan 25 \u20ac<\/span><\/li>\n<\/ul>\n<h4><strong><span style=\"font-size: 20px;\">Najam katamarana <\/span><\/strong> <span style=\"font-size: 20px;\">(samo u Pomeru)<\/span><\/h4>\n<p><span style=\"font-size: 20px;\">Nudimo privatnu poduku ili samostalni najam za goste s iskustvom.<\/span><\/p>\n<ul>\n<li><span style=\"font-size: 20px;\">1 h 60 \u20ac<\/span><\/li>\n<li><span style=\"font-size: 20px;\">2 h 100 \u20ac<\/span><\/li>\n<li><span style=\"font-size: 20px;\">Privatni sat: \u20ac110<\/span><\/li>\n<\/ul>\n<h4><strong><span style=\"font-size: 20px;\">Najam broda<\/span><\/strong> <span style=\"font-size: 20px;\"> (samo u Pomeru)<\/span><\/h4>\n<ul>\n<li><span style=\"font-size: 20px;\">1\/2 dana 90 \u20ac <span style=\"font-size: 20px;\"><em>(4h)<\/em><\/span><\/span><\/li>\n<li><span style=\"font-size: 20px;\">1 dan 140 \u20ac <span style=\"font-size: 20px;\"><em>(8h)<\/em><\/span><\/span><\/li>\n<\/ul>\n<h4><strong><span style=\"font-size: 20px;\">Najam glisera i privatne obiteljske ture<\/span><\/strong> <span style=\"font-size: 20px;\"> (samo u Pomeru)<\/span><\/h4>\n<p><span style=\"font-size: 20px;\">Najam glisera i privatne ture dostupni su na na\u0161oj lokaciji u Pomeru.<\/span><\/p>\n<p><span style=\"font-size: 20px;\">Prije polaska obja\u0161njavamo gdje je sigurno ploviti i kako sve funkcionira, a rado preporu\u010dujemo pla\u017ee, mjesta za kupanje i obli\u017enje otoke \u2013 kako bi izlet bio jednostavan i prilago\u0111en obitelji.<\/span><\/p>\n<p><span style=\"font-size: 20px;\">Ova je opcija idealna ako tra\u017eite privatnu obiteljsku turu brodom u Istri, miran dan na moru ili personalizirani na\u010din istra\u017eivanja obale bez gu\u017eve.<\/span><\/p>\n<ul>\n<li><strong><span style=\"font-size: 20px;\">1\/2 dana 180 \u20ac<\/span><\/strong>, <span style=\"font-size: 20px;\"><em>(4h) gorivo nije uklju\u010deno<\/em><\/span><\/li>\n<li><strong><span style=\"font-size: 20px;\">1 dan 250 \u20ac<\/span><\/strong>, <span style=\"font-size: 20px;\"><em>(8h) gorivo nije uklju\u010deno<\/em><\/span><\/li>\n<li><span style=\"font-size: 20px;\">Privatna vo\u0111ena obiteljska tura <strong>4 h 350 \u20ac<\/strong> gorivo je uklju\u010deno<\/span><\/li>\n<\/ul>\n<p>[\/vc_column_text][\/vc_column_inner][\/vc_row_inner][\/vc_column][\/vc_row][vc_row][vc_column][vc_column_text css=&#8221;&#8221;]<\/p>\n<h2 style=\"font-size: 20px; text-align: center;\"><strong>Dobro je znati<\/strong><\/h2>\n<p style=\"font-size: 20px; text-align: center;\">&#8211; oprema je uklju\u010dena u sve te\u010dajeve<br \/>\n&#8211; satovi se organiziraju prema vjetru i vremenskim uvjetima<br \/>\n&#8211; ako uvjeti nisu odgovaraju\u0107i, jednostavno mijenjamo termin<br \/>\n&#8211; sigurnost je uvijek na\u0161 prioritet<\/p>\n<h2 style=\"font-size: 20px; text-align: center;\"><strong>Trebate pomo\u0107 pri odabiru?<\/strong><\/h2>\n<p style=\"font-size: 20px; text-align: center;\">Ako niste sigurni koja je opcija prava za vas, recite nam svoju razinu znanja, koliko se sigurno osje\u0107ate i \u0161to \u017eelite do\u017eivjeti \u2013 i preporu\u010dit \u0107emo vam najbolju opciju.<\/p>\n<p>[\/vc_column_text][\/vc_column][\/vc_row][vc_row][vc_column][vc_cta h2=&#8221;&#8221; txt_align=&#8221;center&#8221; el_width=&#8221;xs&#8221; add_button=&#8221;top&#8221; btn_title=&#8221;Kontakt&#8221; btn_color=&#8221;inverse&#8221; btn_align=&#8221;center&#8221; css=&#8221;&#8221; btn_button_block=&#8221;true&#8221; btn_link=&#8221;url:https%3A%2F%2Fwww.geromella.com.hr%2Fcontact%2F|title:Contact&#8221;][\/vc_cta][\/vc_column][\/vc_row]<\/p>\n<\/div>","protected":false},"excerpt":{"rendered":"<p>[vc_row][vc_column css=&#8221;.vc_custom_1768749061131{padding-left: 10px !important;}&#8221;][vc_empty_space height=&#8221;20px&#8221;][vc_column_text css=&#8221;&#8221;] Cjenik &nbsp; Ovdje \u0107ete prona\u0107i jasan pregled na\u0161ih te\u010dajeva, aktivnosti i najma \u2013 kako biste uvijek znali \u0161to o\u010dekivati prije dolaska. Sve cijene uklju\u010duju opremu, podr\u0161ku instruktora te prijateljsko i sigurno okru\u017eenje za u\u010denje. Ako niste sigurni koja je opcija najbolja za vas, rado \u0107emo vam pomo\u0107i pri odabiru.&hellip;<\/p>\n","protected":false},"author":1,"featured_media":0,"parent":0,"menu_order":0,"comment_status":"closed","ping_status":"closed","template":"","meta":{"_acf_changed":false,"footnotes":""},"class_list":["post-1651","page","type-page","status-publish","hentry"],"acf":[],"yoast_head":"<!-- This site is optimized with the Yoast SEO plugin v27.4 - https:\/\/yoast.com\/product\/yoast-seo-wordpress\/ -->\n<title>Cjenik - Geromella Windsurfing School &amp; Center - Geromella.com.hr<\/title>\n<meta name=\"description\" content=\"Geromella Windsurfing \u0161kola i centar u Pomeru i Li\u017enjanu. Te\u010dajevi, privatne i grupne lekcije, SUP, kite i najam opreme. Cjenik.\" \/>\n<meta name=\"robots\" content=\"index, follow, max-snippet:-1, max-image-preview:large, max-video-preview:-1\" \/>\n<link rel=\"canonical\" href=\"https:\/\/www.geromella.com.hr\/hr\/cjenik\/\" \/>\n<meta property=\"og:locale\" content=\"hr_HR\" \/>\n<meta property=\"og:type\" content=\"article\" \/>\n<meta property=\"og:title\" content=\"Cjenik - Geromella Windsurfing School &amp; Center - Geromella.com.hr\" \/>\n<meta property=\"og:description\" content=\"Geromella Windsurfing \u0161kola i centar u Pomeru i Li\u017enjanu. Te\u010dajevi, privatne i grupne lekcije, SUP, kite i najam opreme. Cjenik.\" \/>\n<meta property=\"og:url\" content=\"https:\/\/www.geromella.com.hr\/hr\/cjenik\/\" \/>\n<meta property=\"og:site_name\" content=\"Geromella Windsurfing School &amp; Center - Geromella.com.hr\" \/>\n<meta property=\"article:modified_time\" content=\"2026-03-10T18:45:16+00:00\" \/>\n<meta property=\"og:image\" content=\"https:\/\/www.geromella.com.hr\/wp-content\/uploads\/2025\/04\/IMG_9902.jpg\" \/>\n\t<meta property=\"og:image:width\" content=\"1200\" \/>\n\t<meta property=\"og:image:height\" content=\"801\" \/>\n\t<meta property=\"og:image:type\" content=\"image\/jpeg\" \/>\n<meta name=\"twitter:card\" content=\"summary_large_image\" \/>\n<meta name=\"twitter:label1\" content=\"Procijenjeno vrijeme \u010ditanja\" \/>\n\t<meta name=\"twitter:data1\" content=\"6 minuta\" \/>\n<script type=\"application\/ld+json\" class=\"yoast-schema-graph\">{\"@context\":\"https:\\\/\\\/schema.org\",\"@graph\":[{\"@type\":\"WebPage\",\"@id\":\"https:\\\/\\\/www.geromella.com.hr\\\/hr\\\/cjenik\\\/\",\"url\":\"https:\\\/\\\/www.geromella.com.hr\\\/hr\\\/cjenik\\\/\",\"name\":\"Cjenik - Geromella Windsurfing School &amp; Center - Geromella.com.hr\",\"isPartOf\":{\"@id\":\"https:\\\/\\\/www.geromella.com.hr\\\/#website\"},\"datePublished\":\"2019-03-26T18:55:26+00:00\",\"dateModified\":\"2026-03-10T18:45:16+00:00\",\"description\":\"Geromella Windsurfing \u0161kola i centar u Pomeru i Li\u017enjanu. Te\u010dajevi, privatne i grupne lekcije, SUP, kite i najam opreme. Cjenik.\",\"breadcrumb\":{\"@id\":\"https:\\\/\\\/www.geromella.com.hr\\\/hr\\\/cjenik\\\/#breadcrumb\"},\"inLanguage\":\"hr\",\"potentialAction\":[{\"@type\":\"ReadAction\",\"target\":[\"https:\\\/\\\/www.geromella.com.hr\\\/hr\\\/cjenik\\\/\"]}]},{\"@type\":\"BreadcrumbList\",\"@id\":\"https:\\\/\\\/www.geromella.com.hr\\\/hr\\\/cjenik\\\/#breadcrumb\",\"itemListElement\":[{\"@type\":\"ListItem\",\"position\":1,\"name\":\"Home\",\"item\":\"https:\\\/\\\/www.geromella.com.hr\\\/hr\\\/\"},{\"@type\":\"ListItem\",\"position\":2,\"name\":\"Cjenik\"}]},{\"@type\":\"WebSite\",\"@id\":\"https:\\\/\\\/www.geromella.com.hr\\\/#website\",\"url\":\"https:\\\/\\\/www.geromella.com.hr\\\/\",\"name\":\"Geromella Windsurfing School &amp; Center - Geromella.com.hr\",\"description\":\"\",\"publisher\":{\"@id\":\"https:\\\/\\\/www.geromella.com.hr\\\/#organization\"},\"potentialAction\":[{\"@type\":\"SearchAction\",\"target\":{\"@type\":\"EntryPoint\",\"urlTemplate\":\"https:\\\/\\\/www.geromella.com.hr\\\/?s={search_term_string}\"},\"query-input\":{\"@type\":\"PropertyValueSpecification\",\"valueRequired\":true,\"valueName\":\"search_term_string\"}}],\"inLanguage\":\"hr\"},{\"@type\":\"Organization\",\"@id\":\"https:\\\/\\\/www.geromella.com.hr\\\/#organization\",\"name\":\"Geromella Windsurfing School &amp; Center - Geromella.com.hr\",\"url\":\"https:\\\/\\\/www.geromella.com.hr\\\/\",\"logo\":{\"@type\":\"ImageObject\",\"inLanguage\":\"hr\",\"@id\":\"https:\\\/\\\/www.geromella.com.hr\\\/#\\\/schema\\\/logo\\\/image\\\/\",\"url\":\"https:\\\/\\\/www.geromella.com.hr\\\/wp-content\\\/uploads\\\/2022\\\/05\\\/PNG-favicon.png\",\"contentUrl\":\"https:\\\/\\\/www.geromella.com.hr\\\/wp-content\\\/uploads\\\/2022\\\/05\\\/PNG-favicon.png\",\"width\":466,\"height\":512,\"caption\":\"Geromella Windsurfing School &amp; Center - Geromella.com.hr\"},\"image\":{\"@id\":\"https:\\\/\\\/www.geromella.com.hr\\\/#\\\/schema\\\/logo\\\/image\\\/\"}}]}<\/script>\n<!-- \/ Yoast SEO plugin. -->","yoast_head_json":{"title":"Cjenik - Geromella Windsurfing School &amp; Center - Geromella.com.hr","description":"Geromella Windsurfing \u0161kola i centar u Pomeru i Li\u017enjanu. Te\u010dajevi, privatne i grupne lekcije, SUP, kite i najam opreme. Cjenik.","robots":{"index":"index","follow":"follow","max-snippet":"max-snippet:-1","max-image-preview":"max-image-preview:large","max-video-preview":"max-video-preview:-1"},"canonical":"https:\/\/www.geromella.com.hr\/hr\/cjenik\/","og_locale":"hr_HR","og_type":"article","og_title":"Cjenik - Geromella Windsurfing School &amp; Center - Geromella.com.hr","og_description":"Geromella Windsurfing \u0161kola i centar u Pomeru i Li\u017enjanu. Te\u010dajevi, privatne i grupne lekcije, SUP, kite i najam opreme. Cjenik.","og_url":"https:\/\/www.geromella.com.hr\/hr\/cjenik\/","og_site_name":"Geromella Windsurfing School &amp; Center - Geromella.com.hr","article_modified_time":"2026-03-10T18:45:16+00:00","og_image":[{"width":1200,"height":801,"url":"https:\/\/www.geromella.com.hr\/wp-content\/uploads\/2025\/04\/IMG_9902.jpg","type":"image\/jpeg"}],"twitter_card":"summary_large_image","twitter_misc":{"Procijenjeno vrijeme \u010ditanja":"6 minuta"},"schema":{"@context":"https:\/\/schema.org","@graph":[{"@type":"WebPage","@id":"https:\/\/www.geromella.com.hr\/hr\/cjenik\/","url":"https:\/\/www.geromella.com.hr\/hr\/cjenik\/","name":"Cjenik - Geromella Windsurfing School &amp; Center - Geromella.com.hr","isPartOf":{"@id":"https:\/\/www.geromella.com.hr\/#website"},"datePublished":"2019-03-26T18:55:26+00:00","dateModified":"2026-03-10T18:45:16+00:00","description":"Geromella Windsurfing \u0161kola i centar u Pomeru i Li\u017enjanu. Te\u010dajevi, privatne i grupne lekcije, SUP, kite i najam opreme. Cjenik.","breadcrumb":{"@id":"https:\/\/www.geromella.com.hr\/hr\/cjenik\/#breadcrumb"},"inLanguage":"hr","potentialAction":[{"@type":"ReadAction","target":["https:\/\/www.geromella.com.hr\/hr\/cjenik\/"]}]},{"@type":"BreadcrumbList","@id":"https:\/\/www.geromella.com.hr\/hr\/cjenik\/#breadcrumb","itemListElement":[{"@type":"ListItem","position":1,"name":"Home","item":"https:\/\/www.geromella.com.hr\/hr\/"},{"@type":"ListItem","position":2,"name":"Cjenik"}]},{"@type":"WebSite","@id":"https:\/\/www.geromella.com.hr\/#website","url":"https:\/\/www.geromella.com.hr\/","name":"Geromella Windsurfing School &amp; Center - Geromella.com.hr","description":"","publisher":{"@id":"https:\/\/www.geromella.com.hr\/#organization"},"potentialAction":[{"@type":"SearchAction","target":{"@type":"EntryPoint","urlTemplate":"https:\/\/www.geromella.com.hr\/?s={search_term_string}"},"query-input":{"@type":"PropertyValueSpecification","valueRequired":true,"valueName":"search_term_string"}}],"inLanguage":"hr"},{"@type":"Organization","@id":"https:\/\/www.geromella.com.hr\/#organization","name":"Geromella Windsurfing School &amp; Center - Geromella.com.hr","url":"https:\/\/www.geromella.com.hr\/","logo":{"@type":"ImageObject","inLanguage":"hr","@id":"https:\/\/www.geromella.com.hr\/#\/schema\/logo\/image\/","url":"https:\/\/www.geromella.com.hr\/wp-content\/uploads\/2022\/05\/PNG-favicon.png","contentUrl":"https:\/\/www.geromella.com.hr\/wp-content\/uploads\/2022\/05\/PNG-favicon.png","width":466,"height":512,"caption":"Geromella Windsurfing School &amp; Center - Geromella.com.hr"},"image":{"@id":"https:\/\/www.geromella.com.hr\/#\/schema\/logo\/image\/"}}]}},"_links":{"self":[{"href":"https:\/\/www.geromella.com.hr\/hr\/wp-json\/wp\/v2\/pages\/1651","targetHints":{"allow":["GET"]}}],"collection":[{"href":"https:\/\/www.geromella.com.hr\/hr\/wp-json\/wp\/v2\/pages"}],"about":[{"href":"https:\/\/www.geromella.com.hr\/hr\/wp-json\/wp\/v2\/types\/page"}],"author":[{"embeddable":true,"href":"https:\/\/www.geromella.com.hr\/hr\/wp-json\/wp\/v2\/users\/1"}],"replies":[{"embeddable":true,"href":"https:\/\/www.geromella.com.hr\/hr\/wp-json\/wp\/v2\/comments?post=1651"}],"version-history":[{"count":102,"href":"https:\/\/www.geromella.com.hr\/hr\/wp-json\/wp\/v2\/pages\/1651\/revisions"}],"predecessor-version":[{"id":3141,"href":"https:\/\/www.geromella.com.hr\/hr\/wp-json\/wp\/v2\/pages\/1651\/revisions\/3141"}],"wp:attachment":[{"href":"https:\/\/www.geromella.com.hr\/hr\/wp-json\/wp\/v2\/media?parent=1651"}],"curies":[{"name":"wp","href":"https:\/\/api.w.org\/{rel}","templated":true}]}}