{"id":3058,"date":"2026-03-01T14:57:05","date_gmt":"2026-03-01T14:57:05","guid":{"rendered":"https:\/\/www.geromella.com.hr\/our-schools\/"},"modified":"2026-03-20T12:27:28","modified_gmt":"2026-03-20T12:27:28","slug":"nase-skole","status":"publish","type":"page","link":"https:\/\/www.geromella.com.hr\/hr\/nase-skole\/","title":{"rendered":"Na\u0161e \u0161kole"},"content":{"rendered":"<div class=\"wpb-content-wrapper\"><p>[vc_row full_width=&#8221;stretch_row&#8221; css=&#8221;.vc_custom_1540471635537{border-top-width: 1px !important;padding-bottom: 10px !important;}&#8221;][vc_column][vc_column_text css=&#8221;&#8221;]<\/p>\n<h1 style=\"text-align: center;\"><strong>Na\u0161e \u0161kole<\/strong><\/h1>\n<h2 style=\"text-align: center;\">Dvije lokacije. Jedna filozofija.<\/h2>\n<p>&nbsp;<\/p>\n<p style=\"font-size: 20px; text-align: center;\"><em>Geromella Windsurfing Center djeluje na dvije lokacije u Istri.<\/em><\/p>\n<p style=\"font-size: 20px; text-align: center;\"><em>Postoje kako bi ponudile pravo iskustvo u pravom trenutku.<\/em><\/p>\n<p>&nbsp;<\/p>\n<h3 style=\"text-align: center;\">\ud83d\udccd <a href=\"https:\/\/www.google.com\/maps\/place\/Geromella+Windsurfing+%26+Sport+Center\/@44.8179969,13.8989296,17z\/data=!4m14!1m7!3m6!1s0x47632b823893d7b3:0x3034d483762da399!2sGeromella+Windsurfing+%26+Sport+Center!8m2!3d44.8179969!4d13.9015045!16s%2Fg%2F11bzsrwnjt!3m5!1s0x47632b823893d7b3:0x3034d483762da399!8m2!3d44.8179969!4d13.9015045!16s%2Fg%2F11bzsrwnjt?entry=ttu&amp;g_ep=EgoyMDI2MDIwMS4wIKXMDSoKLDEwMDc5MjA2N0gBUAM%3D\" target=\"_blank\" rel=\"noopener\">Pomer<\/a> , <a href=\"https:\/\/www.google.com\/maps\/place\/Geromella+Windsurfing+%26+Sport+Center+Li%C5%BEnjan\/@44.8234977,13.9765034,17z\/data=!4m14!1m7!3m6!1s0x47632fa62b95c721:0xce9b38b17c48aabf!2sGeromella+Windsurfing+%26+Sport+Center+Li%C5%BEnjan!8m2!3d44.8234977!4d13.9790783!16s%2Fg%2F11v_17ltcg!3m5!1s0x47632fa62b95c721:0xce9b38b17c48aabf!8m2!3d44.8234977!4d13.9790783!16s%2Fg%2F11v_17ltcg?entry=ttu&amp;g_ep=EgoyMDI2MDIwMS4wIKXMDSoKLDEwMDc5MjA2N0gBUAM%3D\" target=\"_blank\" rel=\"noopener\">Li\u017enjan<\/a><\/h3>\n<p>[\/vc_column_text][\/vc_column][\/vc_row][vc_row full_width=&#8221;stretch_row&#8221; css=&#8221;.vc_custom_1540471635537{border-top-width: 1px !important;padding-bottom: 10px !important;}&#8221;][vc_column][vc_single_image image=&#8221;2789&#8243; img_size=&#8221;full&#8221; alignment=&#8221;center&#8221; css=&#8221;&#8221;][vc_text_separator title=&#8221;Pomer&#8221; css=&#8221;&#8221; el_class=&#8221;h2&#8243;][\/vc_column][\/vc_row][vc_row full_width=&#8221;stretch_row&#8221; css=&#8221;.vc_custom_1540471635537{border-top-width: 1px !important;padding-bottom: 10px !important;}&#8221;][vc_column width=&#8221;1\/3&#8243; css=&#8221;.vc_custom_1768477868078{padding-left: 10px !important;}&#8221;][vc_single_image image=&#8221;2780&#8243; img_size=&#8221;full&#8221; css=&#8221;.vc_custom_1770677884369{padding-left: 5px !important;}&#8221;][\/vc_column][vc_column width=&#8221;2\/3&#8243;][vc_column_text css=&#8221;.vc_custom_1772377545541{padding-left: 10px !important;}&#8221;]<span style=\"font-size: 20px;\">U Pomeru treninge vodi Matija, glavni instruktor windsurfinga na ovoj lokaciji.<\/span><\/p>\n<p><span style=\"font-size: 20px;\">Windsurfing je dio njegova \u017eivota od djetinjstva \u2014 odrastao je upravo uz zaljev u kojem danas djeluje Geromella. To dugogodi\u0161nje iskustvo vidi se u lako\u0107i kojom se odvijaju treninzi: od jasnih obja\u0161njenja na kopnu do sigurne podr\u0161ke na vodi.<\/span><\/p>\n<p><span style=\"font-size: 20px;\">Matija naj\u010de\u0161\u0107e radi s po\u010detnicima, obiteljima i grupama razli\u010ditih razina znanja, prilago\u0111avaju\u0107i svaki trening uvjetima i polaznicima. Gosti brzo pronalaze svoj ritam, a napredak dolazi prirodno, bez pritiska.<\/span><\/p>\n<p><span style=\"font-size: 20px;\">Za mnoge posjetitelje Pomer postaje mjesto gdje windsurfing prvi put djeluje pristupa\u010dno, ugodno i dovoljno privla\u010dno da mu se ponovno vrate.<\/span>[\/vc_column_text][\/vc_column][\/vc_row][vc_row full_width=&#8221;stretch_row&#8221; css=&#8221;.vc_custom_1540471635537{border-top-width: 1px !important;padding-bottom: 10px !important;}&#8221;][vc_column][vc_text_separator title=&#8221;&#8221; border_width=&#8221;5&#8243; css=&#8221;&#8221;][\/vc_column][\/vc_row][vc_row full_width=&#8221;stretch_row&#8221; css=&#8221;.vc_custom_1540471635537{border-top-width: 1px !important;padding-bottom: 10px !important;}&#8221;][vc_column][vc_single_image image=&#8221;2785&#8243; img_size=&#8221;full&#8221; alignment=&#8221;center&#8221; css=&#8221;&#8221;][vc_text_separator title=&#8221;Li\u017enjan&#8221; css=&#8221;&#8221; el_class=&#8221;h2&#8243;][\/vc_column][\/vc_row][vc_row full_width=&#8221;stretch_row&#8221; css=&#8221;.vc_custom_1540471635537{border-top-width: 1px !important;padding-bottom: 10px !important;}&#8221;][vc_column width=&#8221;1\/3&#8243; css=&#8221;.vc_custom_1768477868078{padding-left: 10px !important;}&#8221;][vc_single_image image=&#8221;2776&#8243; img_size=&#8221;full&#8221; css=&#8221;.vc_custom_1770677893748{padding-left: 5px !important;}&#8221;][\/vc_column][vc_column width=&#8221;2\/3&#8243;][vc_column_text css=&#8221;.vc_custom_1772377616415{padding-left: 10px !important;}&#8221;]<span style=\"font-size: 20px;\">U Li\u017enjanu treninge vodi Ivan, voditelj instruktora na ovoj lokaciji. S vi\u0161e od deset godina iskustva na vodi, Ivan je po\u010deo podu\u010davati vrlo rano u svojoj windsurfing karijeri, \u0161to mu je omogu\u0107ilo razviti izuzetno prilagodljiv i intuitivan stil podu\u010davanja.<\/span><\/p>\n<p><span style=\"font-size: 20px;\">Njegov pristup prilago\u0111en je svakom pojedincu, bez obzira na razinu znanja, uz sna\u017ean naglasak na razumijevanju uvjeta, osje\u0107aju za vjetar i razvoju sigurnog upravljanja daskom. <\/span><\/p>\n<p><span style=\"font-size: 20px;\">Umjesto preoptere\u0107ivanja tehni\u010dkim detaljima, Ivan gostima poma\u017ee da se opuste, brzo steknu sigurnost i prirodno napreduju na vodi.<\/span>[\/vc_column_text][\/vc_column][\/vc_row][vc_row full_width=&#8221;stretch_row&#8221; css=&#8221;.vc_custom_1540471635537{border-top-width: 1px !important;padding-bottom: 10px !important;}&#8221;][vc_column][vc_column_text css=&#8221;&#8221;]<\/p>\n<h2 style=\"text-align: center;\">Odabir prema va\u0161em danu<\/h2>\n<p>&nbsp;<\/p>\n<p style=\"text-align: center;\"><span style=\"font-size: 20px;\">Neki dani tra\u017ee prostor i opu\u0161tenost.<br \/>\nDrugi fokus i dinamiku.<\/span><\/p>\n<p style=\"text-align: center;\"><span style=\"font-size: 20px;\">Zato postoje obje lokacije.<\/span><\/p>\n<p style=\"text-align: center;\"><span style=\"font-size: 20px;\">Poma\u017eemo gostima odabrati prema uvjetima, iskustvu i vrsti dana kakav \u017eele \u2014 ne prema strogim pravilima ili pretpostavkama. Ponekad je izbor o\u010dit, a ponekad ga usmjerava vjetar.<\/span><\/p>\n<p style=\"text-align: center;\"><span style=\"font-size: 20px;\">U svakom slu\u010daju, iskustvo se oblikuje s jednakom pa\u017enjom.<\/span><\/p>\n<h2 style=\"text-align: center;\">Lako dostupno gdje god boravili<\/h2>\n<p>&nbsp;<\/p>\n<p style=\"text-align: center;\"><span style=\"font-size: 20px;\">Istra je idealna za kretanje i kratka putovanja.<br \/>\nBez obzira boravite li uz obalu ili u unutra\u0161njosti, posjet Pomeru ili Li\u017enjanu lako se uklapa u dan istra\u017eivanja regije.<\/span><\/p>\n<p style=\"text-align: center;\"><span style=\"font-size: 20px;\">Vi birate lokaciju.<br \/>\nMi se brinemo za sve ostalo.<\/span><\/p>\n<p>[\/vc_column_text][\/vc_column][\/vc_row][vc_row][vc_column][vc_cta h2=&#8221;&#8221; txt_align=&#8221;center&#8221; el_width=&#8221;xs&#8221; add_button=&#8221;top&#8221; btn_title=&#8221;Kontakt&#8221; btn_color=&#8221;inverse&#8221; btn_align=&#8221;center&#8221; css=&#8221;&#8221; btn_button_block=&#8221;true&#8221; btn_link=&#8221;url:https%3A%2F%2Fwww.geromella.com.hr%2Fcontact%2F|title:Contact&#8221;][\/vc_cta][\/vc_column][\/vc_row]<\/p>\n<\/div>","protected":false},"excerpt":{"rendered":"<p>[vc_row full_width=&#8221;stretch_row&#8221; css=&#8221;.vc_custom_1540471635537{border-top-width: 1px !important;padding-bottom: 10px !important;}&#8221;][vc_column][vc_column_text css=&#8221;&#8221;] Na\u0161e \u0161kole Dvije lokacije. Jedna filozofija. &nbsp; Geromella Windsurfing Center djeluje na dvije lokacije u Istri. Postoje kako bi ponudile pravo iskustvo u pravom trenutku. &nbsp; \ud83d\udccd Pomer , Li\u017enjan [\/vc_column_text][\/vc_column][\/vc_row][vc_row full_width=&#8221;stretch_row&#8221; css=&#8221;.vc_custom_1540471635537{border-top-width: 1px !important;padding-bottom: 10px !important;}&#8221;][vc_column][vc_single_image image=&#8221;2789&#8243; img_size=&#8221;full&#8221; alignment=&#8221;center&#8221; css=&#8221;&#8221;][vc_text_separator title=&#8221;Pomer&#8221; css=&#8221;&#8221; el_class=&#8221;h2&#8243;][\/vc_column][\/vc_row][vc_row full_width=&#8221;stretch_row&#8221; css=&#8221;.vc_custom_1540471635537{border-top-width: 1px&hellip;<\/p>\n","protected":false},"author":1,"featured_media":0,"parent":0,"menu_order":0,"comment_status":"closed","ping_status":"closed","template":"","meta":{"_acf_changed":false,"footnotes":""},"class_list":["post-3058","page","type-page","status-publish","hentry"],"acf":[],"yoast_head":"<!-- This site is optimized with the Yoast SEO plugin v27.4 - https:\/\/yoast.com\/product\/yoast-seo-wordpress\/ -->\n<title>Na\u0161e \u0161kole - Geromella Windsurfing School &amp; Center - Geromella.com.hr<\/title>\n<meta name=\"description\" content=\"Otkrijte gdje Geromella vodi svoje \u0161kole windsurfinga i drugih vodenih sportova. Pridru\u017eite se zabavi na vodi u Pomeru i Li\u017enjanu i nau\u010dite nove vje\u0161tine uz profesionalne instruktore.\" \/>\n<meta name=\"robots\" content=\"index, follow, max-snippet:-1, max-image-preview:large, max-video-preview:-1\" \/>\n<link rel=\"canonical\" href=\"https:\/\/www.geromella.com.hr\/hr\/nase-skole\/\" \/>\n<meta property=\"og:locale\" content=\"hr_HR\" \/>\n<meta property=\"og:type\" content=\"article\" \/>\n<meta property=\"og:title\" content=\"Na\u0161e \u0161kole - Geromella Windsurfing School &amp; Center - Geromella.com.hr\" \/>\n<meta property=\"og:description\" content=\"Otkrijte gdje Geromella vodi svoje \u0161kole windsurfinga i drugih vodenih sportova. Pridru\u017eite se zabavi na vodi u Pomeru i Li\u017enjanu i nau\u010dite nove vje\u0161tine uz profesionalne instruktore.\" \/>\n<meta property=\"og:url\" content=\"https:\/\/www.geromella.com.hr\/hr\/nase-skole\/\" \/>\n<meta property=\"og:site_name\" content=\"Geromella Windsurfing School &amp; Center - Geromella.com.hr\" \/>\n<meta property=\"article:modified_time\" content=\"2026-03-20T12:27:28+00:00\" \/>\n<meta property=\"og:image\" content=\"https:\/\/www.geromella.com.hr\/wp-content\/uploads\/2025\/04\/IMG_9902.jpg\" \/>\n\t<meta property=\"og:image:width\" content=\"1200\" \/>\n\t<meta property=\"og:image:height\" content=\"801\" \/>\n\t<meta property=\"og:image:type\" content=\"image\/jpeg\" \/>\n<meta name=\"twitter:card\" content=\"summary_large_image\" \/>\n<meta name=\"twitter:label1\" content=\"Procijenjeno vrijeme \u010ditanja\" \/>\n\t<meta name=\"twitter:data1\" content=\"2 minute\" \/>\n<script type=\"application\/ld+json\" class=\"yoast-schema-graph\">{\"@context\":\"https:\\\/\\\/schema.org\",\"@graph\":[{\"@type\":\"WebPage\",\"@id\":\"https:\\\/\\\/www.geromella.com.hr\\\/hr\\\/nase-skole\\\/\",\"url\":\"https:\\\/\\\/www.geromella.com.hr\\\/hr\\\/nase-skole\\\/\",\"name\":\"Na\u0161e \u0161kole - Geromella Windsurfing School &amp; Center - Geromella.com.hr\",\"isPartOf\":{\"@id\":\"https:\\\/\\\/www.geromella.com.hr\\\/#website\"},\"datePublished\":\"2026-03-01T14:57:05+00:00\",\"dateModified\":\"2026-03-20T12:27:28+00:00\",\"description\":\"Otkrijte gdje Geromella vodi svoje \u0161kole windsurfinga i drugih vodenih sportova. Pridru\u017eite se zabavi na vodi u Pomeru i Li\u017enjanu i nau\u010dite nove vje\u0161tine uz profesionalne instruktore.\",\"breadcrumb\":{\"@id\":\"https:\\\/\\\/www.geromella.com.hr\\\/hr\\\/nase-skole\\\/#breadcrumb\"},\"inLanguage\":\"hr\",\"potentialAction\":[{\"@type\":\"ReadAction\",\"target\":[\"https:\\\/\\\/www.geromella.com.hr\\\/hr\\\/nase-skole\\\/\"]}]},{\"@type\":\"BreadcrumbList\",\"@id\":\"https:\\\/\\\/www.geromella.com.hr\\\/hr\\\/nase-skole\\\/#breadcrumb\",\"itemListElement\":[{\"@type\":\"ListItem\",\"position\":1,\"name\":\"Home\",\"item\":\"https:\\\/\\\/www.geromella.com.hr\\\/hr\\\/\"},{\"@type\":\"ListItem\",\"position\":2,\"name\":\"Na\u0161e \u0161kole\"}]},{\"@type\":\"WebSite\",\"@id\":\"https:\\\/\\\/www.geromella.com.hr\\\/#website\",\"url\":\"https:\\\/\\\/www.geromella.com.hr\\\/\",\"name\":\"Geromella Windsurfing School &amp; Center - Geromella.com.hr\",\"description\":\"\",\"publisher\":{\"@id\":\"https:\\\/\\\/www.geromella.com.hr\\\/#organization\"},\"potentialAction\":[{\"@type\":\"SearchAction\",\"target\":{\"@type\":\"EntryPoint\",\"urlTemplate\":\"https:\\\/\\\/www.geromella.com.hr\\\/?s={search_term_string}\"},\"query-input\":{\"@type\":\"PropertyValueSpecification\",\"valueRequired\":true,\"valueName\":\"search_term_string\"}}],\"inLanguage\":\"hr\"},{\"@type\":\"Organization\",\"@id\":\"https:\\\/\\\/www.geromella.com.hr\\\/#organization\",\"name\":\"Geromella Windsurfing School &amp; Center - Geromella.com.hr\",\"url\":\"https:\\\/\\\/www.geromella.com.hr\\\/\",\"logo\":{\"@type\":\"ImageObject\",\"inLanguage\":\"hr\",\"@id\":\"https:\\\/\\\/www.geromella.com.hr\\\/#\\\/schema\\\/logo\\\/image\\\/\",\"url\":\"https:\\\/\\\/www.geromella.com.hr\\\/wp-content\\\/uploads\\\/2022\\\/05\\\/PNG-favicon.png\",\"contentUrl\":\"https:\\\/\\\/www.geromella.com.hr\\\/wp-content\\\/uploads\\\/2022\\\/05\\\/PNG-favicon.png\",\"width\":466,\"height\":512,\"caption\":\"Geromella Windsurfing School &amp; Center - Geromella.com.hr\"},\"image\":{\"@id\":\"https:\\\/\\\/www.geromella.com.hr\\\/#\\\/schema\\\/logo\\\/image\\\/\"}}]}<\/script>\n<!-- \/ Yoast SEO plugin. -->","yoast_head_json":{"title":"Na\u0161e \u0161kole - Geromella Windsurfing School &amp; Center - Geromella.com.hr","description":"Otkrijte gdje Geromella vodi svoje \u0161kole windsurfinga i drugih vodenih sportova. Pridru\u017eite se zabavi na vodi u Pomeru i Li\u017enjanu i nau\u010dite nove vje\u0161tine uz profesionalne instruktore.","robots":{"index":"index","follow":"follow","max-snippet":"max-snippet:-1","max-image-preview":"max-image-preview:large","max-video-preview":"max-video-preview:-1"},"canonical":"https:\/\/www.geromella.com.hr\/hr\/nase-skole\/","og_locale":"hr_HR","og_type":"article","og_title":"Na\u0161e \u0161kole - Geromella Windsurfing School &amp; Center - Geromella.com.hr","og_description":"Otkrijte gdje Geromella vodi svoje \u0161kole windsurfinga i drugih vodenih sportova. Pridru\u017eite se zabavi na vodi u Pomeru i Li\u017enjanu i nau\u010dite nove vje\u0161tine uz profesionalne instruktore.","og_url":"https:\/\/www.geromella.com.hr\/hr\/nase-skole\/","og_site_name":"Geromella Windsurfing School &amp; Center - Geromella.com.hr","article_modified_time":"2026-03-20T12:27:28+00:00","og_image":[{"width":1200,"height":801,"url":"https:\/\/www.geromella.com.hr\/wp-content\/uploads\/2025\/04\/IMG_9902.jpg","type":"image\/jpeg"}],"twitter_card":"summary_large_image","twitter_misc":{"Procijenjeno vrijeme \u010ditanja":"2 minute"},"schema":{"@context":"https:\/\/schema.org","@graph":[{"@type":"WebPage","@id":"https:\/\/www.geromella.com.hr\/hr\/nase-skole\/","url":"https:\/\/www.geromella.com.hr\/hr\/nase-skole\/","name":"Na\u0161e \u0161kole - Geromella Windsurfing School &amp; Center - Geromella.com.hr","isPartOf":{"@id":"https:\/\/www.geromella.com.hr\/#website"},"datePublished":"2026-03-01T14:57:05+00:00","dateModified":"2026-03-20T12:27:28+00:00","description":"Otkrijte gdje Geromella vodi svoje \u0161kole windsurfinga i drugih vodenih sportova. Pridru\u017eite se zabavi na vodi u Pomeru i Li\u017enjanu i nau\u010dite nove vje\u0161tine uz profesionalne instruktore.","breadcrumb":{"@id":"https:\/\/www.geromella.com.hr\/hr\/nase-skole\/#breadcrumb"},"inLanguage":"hr","potentialAction":[{"@type":"ReadAction","target":["https:\/\/www.geromella.com.hr\/hr\/nase-skole\/"]}]},{"@type":"BreadcrumbList","@id":"https:\/\/www.geromella.com.hr\/hr\/nase-skole\/#breadcrumb","itemListElement":[{"@type":"ListItem","position":1,"name":"Home","item":"https:\/\/www.geromella.com.hr\/hr\/"},{"@type":"ListItem","position":2,"name":"Na\u0161e \u0161kole"}]},{"@type":"WebSite","@id":"https:\/\/www.geromella.com.hr\/#website","url":"https:\/\/www.geromella.com.hr\/","name":"Geromella Windsurfing School &amp; Center - Geromella.com.hr","description":"","publisher":{"@id":"https:\/\/www.geromella.com.hr\/#organization"},"potentialAction":[{"@type":"SearchAction","target":{"@type":"EntryPoint","urlTemplate":"https:\/\/www.geromella.com.hr\/?s={search_term_string}"},"query-input":{"@type":"PropertyValueSpecification","valueRequired":true,"valueName":"search_term_string"}}],"inLanguage":"hr"},{"@type":"Organization","@id":"https:\/\/www.geromella.com.hr\/#organization","name":"Geromella Windsurfing School &amp; Center - Geromella.com.hr","url":"https:\/\/www.geromella.com.hr\/","logo":{"@type":"ImageObject","inLanguage":"hr","@id":"https:\/\/www.geromella.com.hr\/#\/schema\/logo\/image\/","url":"https:\/\/www.geromella.com.hr\/wp-content\/uploads\/2022\/05\/PNG-favicon.png","contentUrl":"https:\/\/www.geromella.com.hr\/wp-content\/uploads\/2022\/05\/PNG-favicon.png","width":466,"height":512,"caption":"Geromella Windsurfing School &amp; Center - Geromella.com.hr"},"image":{"@id":"https:\/\/www.geromella.com.hr\/#\/schema\/logo\/image\/"}}]}},"_links":{"self":[{"href":"https:\/\/www.geromella.com.hr\/hr\/wp-json\/wp\/v2\/pages\/3058","targetHints":{"allow":["GET"]}}],"collection":[{"href":"https:\/\/www.geromella.com.hr\/hr\/wp-json\/wp\/v2\/pages"}],"about":[{"href":"https:\/\/www.geromella.com.hr\/hr\/wp-json\/wp\/v2\/types\/page"}],"author":[{"embeddable":true,"href":"https:\/\/www.geromella.com.hr\/hr\/wp-json\/wp\/v2\/users\/1"}],"replies":[{"embeddable":true,"href":"https:\/\/www.geromella.com.hr\/hr\/wp-json\/wp\/v2\/comments?post=3058"}],"version-history":[{"count":8,"href":"https:\/\/www.geromella.com.hr\/hr\/wp-json\/wp\/v2\/pages\/3058\/revisions"}],"predecessor-version":[{"id":3133,"href":"https:\/\/www.geromella.com.hr\/hr\/wp-json\/wp\/v2\/pages\/3058\/revisions\/3133"}],"wp:attachment":[{"href":"https:\/\/www.geromella.com.hr\/hr\/wp-json\/wp\/v2\/media?parent=3058"}],"curies":[{"name":"wp","href":"https:\/\/api.w.org\/{rel}","templated":true}]}}