{"id":3063,"date":"2026-03-01T14:57:05","date_gmt":"2026-03-01T14:57:05","guid":{"rendered":"https:\/\/www.geromella.com.hr\/our-schools\/"},"modified":"2026-03-01T15:24:11","modified_gmt":"2026-03-01T15:24:11","slug":"le-nostre-scuole","status":"publish","type":"page","link":"https:\/\/www.geromella.com.hr\/it\/le-nostre-scuole\/","title":{"rendered":"Le nostre scuole"},"content":{"rendered":"<div class=\"wpb-content-wrapper\"><p>[vc_row full_width=&#8221;stretch_row&#8221; css=&#8221;.vc_custom_1540471635537{border-top-width: 1px !important;padding-bottom: 10px !important;}&#8221;][vc_column][vc_column_text css=&#8221;&#8221;]<\/p>\n<h1 style=\"text-align: center;\"><strong>Le nostre scuole<\/strong><\/h1>\n<h2 style=\"text-align: center;\">Due centri, un\u2019unica filosofia.<\/h2>\n<p>&nbsp;<\/p>\n<p style=\"font-size: 20px; text-align: center;\"><em>Il Geromella Windsurfing Center opera in due sedi in Istria.<\/em><\/p>\n<p style=\"font-size: 20px; text-align: center;\"><em>Entrambe le sedi esistono per offrire l\u2019esperienza giusta, nel momento giusto<\/em><\/p>\n<p>&nbsp;<\/p>\n<h3 style=\"text-align: center;\">\ud83d\udccd <a href=\"https:\/\/www.google.com\/maps\/place\/Geromella+Windsurfing+%26+Sport+Center\/@44.8179969,13.8989296,17z\/data=!4m14!1m7!3m6!1s0x47632b823893d7b3:0x3034d483762da399!2sGeromella+Windsurfing+%26+Sport+Center!8m2!3d44.8179969!4d13.9015045!16s%2Fg%2F11bzsrwnjt!3m5!1s0x47632b823893d7b3:0x3034d483762da399!8m2!3d44.8179969!4d13.9015045!16s%2Fg%2F11bzsrwnjt?entry=ttu&amp;g_ep=EgoyMDI2MDIwMS4wIKXMDSoKLDEwMDc5MjA2N0gBUAM%3D\" target=\"_blank\" rel=\"noopener\">Pomer<\/a> , <a href=\"https:\/\/www.google.com\/maps\/place\/Geromella+Windsurfing+%26+Sport+Center+Li%C5%BEnjan\/@44.8234977,13.9765034,17z\/data=!4m14!1m7!3m6!1s0x47632fa62b95c721:0xce9b38b17c48aabf!2sGeromella+Windsurfing+%26+Sport+Center+Li%C5%BEnjan!8m2!3d44.8234977!4d13.9790783!16s%2Fg%2F11v_17ltcg!3m5!1s0x47632fa62b95c721:0xce9b38b17c48aabf!8m2!3d44.8234977!4d13.9790783!16s%2Fg%2F11v_17ltcg?entry=ttu&amp;g_ep=EgoyMDI2MDIwMS4wIKXMDSoKLDEwMDc5MjA2N0gBUAM%3D\" target=\"_blank\" rel=\"noopener\">Li\u017enjan<\/a><\/h3>\n<p>[\/vc_column_text][\/vc_column][\/vc_row][vc_row full_width=&#8221;stretch_row&#8221; css=&#8221;.vc_custom_1540471635537{border-top-width: 1px !important;padding-bottom: 10px !important;}&#8221;][vc_column][vc_single_image image=&#8221;2791&#8243; img_size=&#8221;full&#8221; alignment=&#8221;center&#8221; css=&#8221;&#8221;][vc_text_separator title=&#8221;Pomer&#8221; css=&#8221;&#8221; el_class=&#8221;h2&#8243;][\/vc_column][\/vc_row][vc_row full_width=&#8221;stretch_row&#8221; css=&#8221;.vc_custom_1540471635537{border-top-width: 1px !important;padding-bottom: 10px !important;}&#8221;][vc_column width=&#8221;1\/3&#8243; css=&#8221;.vc_custom_1768477868078{padding-left: 10px !important;}&#8221;][vc_single_image image=&#8221;2782&#8243; img_size=&#8221;full&#8221; css=&#8221;.vc_custom_1770677884369{padding-left: 5px !important;}&#8221;][\/vc_column][vc_column width=&#8221;2\/3&#8243;][vc_column_text css=&#8221;.vc_custom_1772378485092{padding-left: 10px !important;}&#8221;]<span style=\"font-size: 20px;\">A Pomer le lezioni sono guidate da Matija, istruttore principale di windsurf per questa sede.<\/span><\/p>\n<p><span style=\"font-size: 20px;\">Il windsurf fa parte della sua vita fin dall\u2019infanzia: \u00e8 cresciuto proprio nella baia dove oggi opera il nostro centro. Questa familiarit\u00e0 si riflette nella naturale fluidit\u00e0 delle lezioni, dalle spiegazioni chiare a terra fino all\u2019assistenza sicura in acqua.<\/span><\/p>\n<p><span style=\"font-size: 20px;\">Matija lavora soprattutto con principianti, famiglie e gruppi di livello misto, adattando ogni incontro alle condizioni e alle persone presenti. Gli ospiti trovano rapidamente il proprio ritmo e i progressi arrivano in modo spontaneo.<\/span><\/p>\n<p><span style=\"font-size: 20px;\">Per molti visitatori, Pomer diventa il luogo in cui il windsurf appare per la prima volta accessibile, piacevole e degno di essere ripetuto.<\/span>[\/vc_column_text][\/vc_column][\/vc_row][vc_row full_width=&#8221;stretch_row&#8221; css=&#8221;.vc_custom_1540471635537{border-top-width: 1px !important;padding-bottom: 10px !important;}&#8221;][vc_column][vc_text_separator title=&#8221;&#8221; border_width=&#8221;5&#8243; css=&#8221;&#8221;][\/vc_column][\/vc_row][vc_row full_width=&#8221;stretch_row&#8221; css=&#8221;.vc_custom_1540471635537{border-top-width: 1px !important;padding-bottom: 10px !important;}&#8221;][vc_column][vc_single_image image=&#8221;2787&#8243; img_size=&#8221;full&#8221; alignment=&#8221;center&#8221; css=&#8221;&#8221;][vc_text_separator title=&#8221;Li\u017enjan&#8221; css=&#8221;&#8221; el_class=&#8221;h2&#8243;][\/vc_column][\/vc_row][vc_row full_width=&#8221;stretch_row&#8221; css=&#8221;.vc_custom_1540471635537{border-top-width: 1px !important;padding-bottom: 10px !important;}&#8221;][vc_column width=&#8221;1\/3&#8243; css=&#8221;.vc_custom_1768477868078{padding-left: 10px !important;}&#8221;][vc_single_image image=&#8221;2778&#8243; img_size=&#8221;full&#8221; css=&#8221;.vc_custom_1770677893748{padding-left: 5px !important;}&#8221;][\/vc_column][vc_column width=&#8221;2\/3&#8243;][vc_column_text css=&#8221;.vc_custom_1772378542078{padding-left: 10px !important;}&#8221;]<span style=\"font-size: 20px;\">A Li\u017enjan le lezioni sono guidate da Ivan, responsabile istruttori di questa sede. Con oltre dieci anni di esperienza in acqua, Ivan ha iniziato a insegnare molto presto, sviluppando uno stile didattico altamente adattivo e intuitivo.<\/span><\/p>\n<p><span style=\"font-size: 20px;\">Il suo approccio \u00e8 personalizzato per ogni partecipante, indipendentemente dal livello, con particolare attenzione alla comprensione delle condizioni, alla sensibilit\u00e0 verso il vento e al controllo della tavola. <\/span><\/p>\n<p><span style=\"font-size: 20px;\">Piuttosto che sovraccaricare di dettagli tecnici, Ivan aiuta gli ospiti a rilassarsi, sentirsi a proprio agio e progredire in modo naturale.<\/span>[\/vc_column_text][\/vc_column][\/vc_row][vc_row full_width=&#8221;stretch_row&#8221; css=&#8221;.vc_custom_1540471635537{border-top-width: 1px !important;padding-bottom: 10px !important;}&#8221;][vc_column][vc_column_text css=&#8221;&#8221;]<\/p>\n<h2 style=\"text-align: center;\">Scegliere ci\u00f2 che si adatta alla giornata<\/h2>\n<p>&nbsp;<\/p>\n<p style=\"text-align: center;\"><span style=\"font-size: 20px;\">Alcuni giorni richiedono spazio e tranquillit\u00e0.<br \/>\nAltri concentrazione ed energia.<\/span><\/p>\n<p style=\"text-align: center;\"><span style=\"font-size: 20px;\">Per questo esistono entrambe le sedi.<\/span><\/p>\n<p style=\"text-align: center;\"><span style=\"font-size: 20px;\">Aiutiamo gli ospiti a scegliere in base alle condizioni, all\u2019esperienza e al tipo di giornata desiderata \u2014 non secondo regole rigide o supposizioni. A volte la scelta \u00e8 evidente, altre volte la suggerisce il vento.<\/span><\/p>\n<p style=\"text-align: center;\"><span style=\"font-size: 20px;\">In ogni caso, l\u2019esperienza \u00e8 curata con la stessa attenzione.<\/span><\/p>\n<h2 style=\"text-align: center;\">Facile da raggiungere ovunque soggiorniate<\/h2>\n<p>&nbsp;<\/p>\n<p style=\"text-align: center;\"><span style=\"font-size: 20px;\">L\u2019Istria \u00e8 perfetta per muoversi e per brevi spostamenti.<br \/>\nChe soggiorniate lungo la costa o nell\u2019entroterra, visitare Pomer o Li\u017enjan si integra facilmente in una giornata alla scoperta della regione.<\/span><\/p>\n<p style=\"text-align: center;\"><span style=\"font-size: 20px;\">Voi scegliete il luogo.<br \/>\nAl resto pensiamo noi.<\/span><\/p>\n<p>[\/vc_column_text][\/vc_column][\/vc_row][vc_row][vc_column][vc_cta h2=&#8221;&#8221; txt_align=&#8221;center&#8221; el_width=&#8221;xs&#8221; add_button=&#8221;top&#8221; btn_title=&#8221;Contattaci&#8221; btn_color=&#8221;inverse&#8221; btn_align=&#8221;center&#8221; css=&#8221;&#8221; btn_button_block=&#8221;true&#8221; btn_link=&#8221;url:https%3A%2F%2Fwww.geromella.com.hr%2Fcontact%2F|title:Contact&#8221;][\/vc_cta][\/vc_column][\/vc_row]<\/p>\n<\/div>","protected":false},"excerpt":{"rendered":"<p>[vc_row full_width=&#8221;stretch_row&#8221; css=&#8221;.vc_custom_1540471635537{border-top-width: 1px !important;padding-bottom: 10px !important;}&#8221;][vc_column][vc_column_text css=&#8221;&#8221;] Le nostre scuole Due centri, un\u2019unica filosofia. &nbsp; Il Geromella Windsurfing Center opera in due sedi in Istria. Entrambe le sedi esistono per offrire l\u2019esperienza giusta, nel momento giusto &nbsp; \ud83d\udccd Pomer , Li\u017enjan [\/vc_column_text][\/vc_column][\/vc_row][vc_row full_width=&#8221;stretch_row&#8221; css=&#8221;.vc_custom_1540471635537{border-top-width: 1px !important;padding-bottom: 10px !important;}&#8221;][vc_column][vc_single_image image=&#8221;2791&#8243; img_size=&#8221;full&#8221; alignment=&#8221;center&#8221; css=&#8221;&#8221;][vc_text_separator title=&#8221;Pomer&#8221; css=&#8221;&#8221;&hellip;<\/p>\n","protected":false},"author":1,"featured_media":0,"parent":0,"menu_order":0,"comment_status":"closed","ping_status":"closed","template":"","meta":{"_acf_changed":false,"footnotes":""},"class_list":["post-3063","page","type-page","status-publish","hentry"],"acf":[],"yoast_head":"<!-- This site is optimized with the Yoast SEO plugin v27.4 - https:\/\/yoast.com\/product\/yoast-seo-wordpress\/ -->\n<title>Le nostre scuole - Geromella Windsurfing Centar Pomer - SurfPomer.hr - Surf Pula<\/title>\n<meta name=\"robots\" content=\"index, follow, max-snippet:-1, max-image-preview:large, max-video-preview:-1\" \/>\n<link rel=\"canonical\" href=\"https:\/\/www.geromella.com.hr\/it\/le-nostre-scuole\/\" \/>\n<meta property=\"og:locale\" content=\"it_IT\" \/>\n<meta property=\"og:type\" content=\"article\" \/>\n<meta property=\"og:title\" content=\"Le nostre scuole - Geromella Windsurfing Centar Pomer - SurfPomer.hr - Surf Pula\" \/>\n<meta property=\"og:description\" content=\"[vc_row full_width=&#8221;stretch_row&#8221; css=&#8221;.vc_custom_1540471635537{border-top-width: 1px !important;padding-bottom: 10px !important;}&#8221;][vc_column][vc_column_text css=&#8221;&#8221;] Le nostre scuole Due centri, un\u2019unica filosofia. &nbsp; Il Geromella Windsurfing Center opera in due sedi in Istria. Entrambe le sedi esistono per offrire l\u2019esperienza giusta, nel momento giusto &nbsp; \ud83d\udccd Pomer , Li\u017enjan [\/vc_column_text][\/vc_column][\/vc_row][vc_row full_width=&#8221;stretch_row&#8221; css=&#8221;.vc_custom_1540471635537{border-top-width: 1px !important;padding-bottom: 10px !important;}&#8221;][vc_column][vc_single_image image=&#8221;2791&#8243; img_size=&#8221;full&#8221; alignment=&#8221;center&#8221; css=&#8221;&#8221;][vc_text_separator title=&#8221;Pomer&#8221; css=&#8221;&#8221;&hellip;\" \/>\n<meta property=\"og:url\" content=\"https:\/\/www.geromella.com.hr\/it\/le-nostre-scuole\/\" \/>\n<meta property=\"og:site_name\" content=\"Geromella Windsurfing Centar Pomer - SurfPomer.hr - Surf Pula\" \/>\n<meta property=\"article:modified_time\" content=\"2026-03-01T15:24:11+00:00\" \/>\n<meta property=\"og:image\" content=\"https:\/\/www.geromella.com.hr\/wp-content\/uploads\/2025\/04\/IMG_9902.jpg\" \/>\n\t<meta property=\"og:image:width\" content=\"1200\" \/>\n\t<meta property=\"og:image:height\" content=\"801\" \/>\n\t<meta property=\"og:image:type\" content=\"image\/jpeg\" \/>\n<meta name=\"twitter:card\" content=\"summary_large_image\" \/>\n<meta name=\"twitter:label1\" content=\"Tempo di lettura stimato\" \/>\n\t<meta name=\"twitter:data1\" content=\"3 minuti\" \/>\n<script type=\"application\/ld+json\" class=\"yoast-schema-graph\">{\"@context\":\"https:\\\/\\\/schema.org\",\"@graph\":[{\"@type\":\"WebPage\",\"@id\":\"https:\\\/\\\/www.geromella.com.hr\\\/it\\\/le-nostre-scuole\\\/\",\"url\":\"https:\\\/\\\/www.geromella.com.hr\\\/it\\\/le-nostre-scuole\\\/\",\"name\":\"Le nostre scuole - Geromella Windsurfing Centar Pomer - SurfPomer.hr - Surf Pula\",\"isPartOf\":{\"@id\":\"https:\\\/\\\/www.geromella.com.hr\\\/#website\"},\"datePublished\":\"2026-03-01T14:57:05+00:00\",\"dateModified\":\"2026-03-01T15:24:11+00:00\",\"breadcrumb\":{\"@id\":\"https:\\\/\\\/www.geromella.com.hr\\\/it\\\/le-nostre-scuole\\\/#breadcrumb\"},\"inLanguage\":\"it-IT\",\"potentialAction\":[{\"@type\":\"ReadAction\",\"target\":[\"https:\\\/\\\/www.geromella.com.hr\\\/it\\\/le-nostre-scuole\\\/\"]}]},{\"@type\":\"BreadcrumbList\",\"@id\":\"https:\\\/\\\/www.geromella.com.hr\\\/it\\\/le-nostre-scuole\\\/#breadcrumb\",\"itemListElement\":[{\"@type\":\"ListItem\",\"position\":1,\"name\":\"Home\",\"item\":\"https:\\\/\\\/www.geromella.com.hr\\\/it\\\/\"},{\"@type\":\"ListItem\",\"position\":2,\"name\":\"Le nostre scuole\"}]},{\"@type\":\"WebSite\",\"@id\":\"https:\\\/\\\/www.geromella.com.hr\\\/#website\",\"url\":\"https:\\\/\\\/www.geromella.com.hr\\\/\",\"name\":\"Geromella Windsurfing Centar Pomer - SurfPomer.hr - Surf Pula\",\"description\":\"\",\"publisher\":{\"@id\":\"https:\\\/\\\/www.geromella.com.hr\\\/#organization\"},\"potentialAction\":[{\"@type\":\"SearchAction\",\"target\":{\"@type\":\"EntryPoint\",\"urlTemplate\":\"https:\\\/\\\/www.geromella.com.hr\\\/?s={search_term_string}\"},\"query-input\":{\"@type\":\"PropertyValueSpecification\",\"valueRequired\":true,\"valueName\":\"search_term_string\"}}],\"inLanguage\":\"it-IT\"},{\"@type\":\"Organization\",\"@id\":\"https:\\\/\\\/www.geromella.com.hr\\\/#organization\",\"name\":\"Geromella Windsurfing Centar Pomer - SurfPomer.hr - Surf Pula\",\"url\":\"https:\\\/\\\/www.geromella.com.hr\\\/\",\"logo\":{\"@type\":\"ImageObject\",\"inLanguage\":\"it-IT\",\"@id\":\"https:\\\/\\\/www.geromella.com.hr\\\/#\\\/schema\\\/logo\\\/image\\\/\",\"url\":\"https:\\\/\\\/www.geromella.com.hr\\\/wp-content\\\/uploads\\\/2022\\\/05\\\/PNG-favicon.png\",\"contentUrl\":\"https:\\\/\\\/www.geromella.com.hr\\\/wp-content\\\/uploads\\\/2022\\\/05\\\/PNG-favicon.png\",\"width\":466,\"height\":512,\"caption\":\"Geromella Windsurfing Centar Pomer - SurfPomer.hr - Surf Pula\"},\"image\":{\"@id\":\"https:\\\/\\\/www.geromella.com.hr\\\/#\\\/schema\\\/logo\\\/image\\\/\"}}]}<\/script>\n<!-- \/ Yoast SEO plugin. -->","yoast_head_json":{"title":"Le nostre scuole - Geromella Windsurfing Centar Pomer - SurfPomer.hr - Surf Pula","robots":{"index":"index","follow":"follow","max-snippet":"max-snippet:-1","max-image-preview":"max-image-preview:large","max-video-preview":"max-video-preview:-1"},"canonical":"https:\/\/www.geromella.com.hr\/it\/le-nostre-scuole\/","og_locale":"it_IT","og_type":"article","og_title":"Le nostre scuole - Geromella Windsurfing Centar Pomer - SurfPomer.hr - Surf Pula","og_description":"[vc_row full_width=&#8221;stretch_row&#8221; css=&#8221;.vc_custom_1540471635537{border-top-width: 1px !important;padding-bottom: 10px !important;}&#8221;][vc_column][vc_column_text css=&#8221;&#8221;] Le nostre scuole Due centri, un\u2019unica filosofia. &nbsp; Il Geromella Windsurfing Center opera in due sedi in Istria. Entrambe le sedi esistono per offrire l\u2019esperienza giusta, nel momento giusto &nbsp; \ud83d\udccd Pomer , Li\u017enjan [\/vc_column_text][\/vc_column][\/vc_row][vc_row full_width=&#8221;stretch_row&#8221; css=&#8221;.vc_custom_1540471635537{border-top-width: 1px !important;padding-bottom: 10px !important;}&#8221;][vc_column][vc_single_image image=&#8221;2791&#8243; img_size=&#8221;full&#8221; alignment=&#8221;center&#8221; css=&#8221;&#8221;][vc_text_separator title=&#8221;Pomer&#8221; css=&#8221;&#8221;&hellip;","og_url":"https:\/\/www.geromella.com.hr\/it\/le-nostre-scuole\/","og_site_name":"Geromella Windsurfing Centar Pomer - SurfPomer.hr - Surf Pula","article_modified_time":"2026-03-01T15:24:11+00:00","og_image":[{"width":1200,"height":801,"url":"https:\/\/www.geromella.com.hr\/wp-content\/uploads\/2025\/04\/IMG_9902.jpg","type":"image\/jpeg"}],"twitter_card":"summary_large_image","twitter_misc":{"Tempo di lettura stimato":"3 minuti"},"schema":{"@context":"https:\/\/schema.org","@graph":[{"@type":"WebPage","@id":"https:\/\/www.geromella.com.hr\/it\/le-nostre-scuole\/","url":"https:\/\/www.geromella.com.hr\/it\/le-nostre-scuole\/","name":"Le nostre scuole - Geromella Windsurfing Centar Pomer - SurfPomer.hr - Surf Pula","isPartOf":{"@id":"https:\/\/www.geromella.com.hr\/#website"},"datePublished":"2026-03-01T14:57:05+00:00","dateModified":"2026-03-01T15:24:11+00:00","breadcrumb":{"@id":"https:\/\/www.geromella.com.hr\/it\/le-nostre-scuole\/#breadcrumb"},"inLanguage":"it-IT","potentialAction":[{"@type":"ReadAction","target":["https:\/\/www.geromella.com.hr\/it\/le-nostre-scuole\/"]}]},{"@type":"BreadcrumbList","@id":"https:\/\/www.geromella.com.hr\/it\/le-nostre-scuole\/#breadcrumb","itemListElement":[{"@type":"ListItem","position":1,"name":"Home","item":"https:\/\/www.geromella.com.hr\/it\/"},{"@type":"ListItem","position":2,"name":"Le nostre scuole"}]},{"@type":"WebSite","@id":"https:\/\/www.geromella.com.hr\/#website","url":"https:\/\/www.geromella.com.hr\/","name":"Geromella Windsurfing Centar Pomer - SurfPomer.hr - Surf Pula","description":"","publisher":{"@id":"https:\/\/www.geromella.com.hr\/#organization"},"potentialAction":[{"@type":"SearchAction","target":{"@type":"EntryPoint","urlTemplate":"https:\/\/www.geromella.com.hr\/?s={search_term_string}"},"query-input":{"@type":"PropertyValueSpecification","valueRequired":true,"valueName":"search_term_string"}}],"inLanguage":"it-IT"},{"@type":"Organization","@id":"https:\/\/www.geromella.com.hr\/#organization","name":"Geromella Windsurfing Centar Pomer - SurfPomer.hr - Surf Pula","url":"https:\/\/www.geromella.com.hr\/","logo":{"@type":"ImageObject","inLanguage":"it-IT","@id":"https:\/\/www.geromella.com.hr\/#\/schema\/logo\/image\/","url":"https:\/\/www.geromella.com.hr\/wp-content\/uploads\/2022\/05\/PNG-favicon.png","contentUrl":"https:\/\/www.geromella.com.hr\/wp-content\/uploads\/2022\/05\/PNG-favicon.png","width":466,"height":512,"caption":"Geromella Windsurfing Centar Pomer - SurfPomer.hr - Surf Pula"},"image":{"@id":"https:\/\/www.geromella.com.hr\/#\/schema\/logo\/image\/"}}]}},"_links":{"self":[{"href":"https:\/\/www.geromella.com.hr\/it\/wp-json\/wp\/v2\/pages\/3063","targetHints":{"allow":["GET"]}}],"collection":[{"href":"https:\/\/www.geromella.com.hr\/it\/wp-json\/wp\/v2\/pages"}],"about":[{"href":"https:\/\/www.geromella.com.hr\/it\/wp-json\/wp\/v2\/types\/page"}],"author":[{"embeddable":true,"href":"https:\/\/www.geromella.com.hr\/it\/wp-json\/wp\/v2\/users\/1"}],"replies":[{"embeddable":true,"href":"https:\/\/www.geromella.com.hr\/it\/wp-json\/wp\/v2\/comments?post=3063"}],"version-history":[{"count":7,"href":"https:\/\/www.geromella.com.hr\/it\/wp-json\/wp\/v2\/pages\/3063\/revisions"}],"predecessor-version":[{"id":3089,"href":"https:\/\/www.geromella.com.hr\/it\/wp-json\/wp\/v2\/pages\/3063\/revisions\/3089"}],"wp:attachment":[{"href":"https:\/\/www.geromella.com.hr\/it\/wp-json\/wp\/v2\/media?parent=3063"}],"curies":[{"name":"wp","href":"https:\/\/api.w.org\/{rel}","templated":true}]}}